{"id":692,"date":"2020-01-28T15:26:40","date_gmt":"2020-01-28T15:26:40","guid":{"rendered":"https:\/\/bookgame.me\/blog\/?page_id=692"},"modified":"2020-01-30T05:51:34","modified_gmt":"2020-01-30T05:51:34","slug":"introduccion","status":"publish","type":"page","link":"https:\/\/bookgame.me\/blog\/tutorial\/introduccion\/","title":{"rendered":"Introducci\u00f3n"},"content":{"rendered":"\n<h2>\u00bfQu\u00e9 es bookgame?<\/h2>\n\n\n\n<p>Bookgame es una aplicaci\u00f3n web que te permite crear librojuegos interactivos de rol. Vamos a analizar cada una de las palabras.<\/p>\n\n\n\n<ul><li>Librojuego: un librojuego es un libro y un juego a la vez. Libro porque sobre todo se lee, y juego ya que se pone en juego diferentes habilidades del lector. <\/li><li>Interactivo: los libro interactivos es una rama dentro de la literatura donde el lector puede escoger durante la lectura del libro algunas de las decisiones del personaje del libro. En los a\u00f1os 80 se pusieron de moda los libros de \u00abElige tu propia aventura\u00bb. Bookgame est\u00e1 basado en esto.<\/li><li>Rol: bookgame junta la lectura con el rol. Durante la lectura de los librojuegos de bookgame ver\u00e1s que el lector tiene un personaje con habilidades, objetos, armas, etc. Y debe luchar, descifrar acertijos, tomar decisiones, etc. El personaje evoluciona, ganando experiencia y mejorando sus habilidades.<\/li><\/ul>\n\n\n\n<h2>\u00bfC\u00f3mo se escribe?<\/h2>\n\n\n\n<p>Se escribe usando el navegador de cualquier ordenador, tablet o m\u00f3vil. S\u00f3lo tienes que registrarte y empezar a escribir. La escritura y publicaci\u00f3n de los librojuegos es gratuita.<\/p>\n\n\n\n<h2>\u00bfC\u00f3mo se lee?<\/h2>\n\n\n\n<p>Los librojuegos creados en la plataforma se pueden leer desde la misma p\u00e1gina web de bookgame o desde las distintas apps publicadas en Google Play. <\/p>\n\n\n\n<p>En la <a href=\"https:\/\/bookgame.me\/es\/cuentos\">secci\u00f3n de Cuentos de la web<\/a>, tienes la lista completa de librojuegos publicados por los usuarios.<\/p>\n\n\n\n<p>En <a href=\"https:\/\/play.google.com\/store\/apps\/details?id=me.bookgame.library.bookgamelibrary&amp;hl=es\">Google Play hay publicada una aplicaci\u00f3n llamada Librer\u00eda Bookgame<\/a>. Desde ella podr\u00e1s acceder a todo el cat\u00e1logo.<\/p>\n\n\n\n<p>Adem\u00e1s, algunos librojuegos tienen publicada la aplicaci\u00f3n espec\u00edfica de ese librojuego.<\/p>\n\n\n\n<p>Actualmente no hay disponible aplicaci\u00f3n para dispositivos Apple.<\/p>\n\n\n\n<h2>\u00bfQui\u00e9n ha creado bookgame.me?<\/h2>\n\n\n\n<p>Un programador freelance con ganas de que cualquier persona que tenga una aventura en su cabeza la pueda compartir con sus amigos. Busca fomentar la escritura\/lectura entre el p\u00fablico juvenil, las aventuras de rol, y la literatura interactiva.<\/p>\n\n\n\n<hr class=\"wp-block-separator\"\/>\n\n\n\n<div class=\"wp-block-columns has-2-columns\">\n<div class=\"wp-block-column\">\n<p><\/p>\n<\/div>\n\n\n\n<div class=\"wp-block-column\">\n<p style=\"text-align:right\"><a href=\"https:\/\/bookgame.me\/blog\/tutorial\/registro\/\">Ir a Registro<\/a><\/p>\n<\/div>\n<\/div>\n","protected":false},"excerpt":{"rendered":"<p>\u00bfQu\u00e9 es bookgame? Bookgame es una aplicaci\u00f3n web que te permite crear librojuegos interactivos de rol. Vamos a analizar cada una de las palabras. Librojuego: un librojuego es un libro y un juego a la vez. Libro porque sobre todo se lee, y juego ya que se pone en juego diferentes habilidades del lector. Interactivo: [&hellip;]<\/p>\n","protected":false},"author":1,"featured_media":0,"parent":690,"menu_order":1,"comment_status":"closed","ping_status":"closed","template":"template-tutorial.php","meta":{"spay_email":""},"jetpack_sharing_enabled":true,"jetpack_shortlink":"https:\/\/wp.me\/P9L3hO-ba","jetpack-related-posts":[{"id":708,"url":"https:\/\/bookgame.me\/blog\/tutorial\/primeros-pasos\/crear-un-librojuego\/","url_meta":{"origin":692,"position":0},"title":"Crear un librojuego","date":"29 enero, 2020","format":false,"excerpt":"Para crear un nuevo librojuego hay que entrar en el panel principal de tu cuenta de usuario y pulsar en Nuevo librojuego. Llegar\u00e1s al formulario de creaci\u00f3n del librojuego donde se te piden los siguientes datos: T\u00edtulo: el t\u00edtulo de tu librojuego.Resumen del librojuego: el resumen del librojuego.Idioma: debes seleccionar\u2026","rel":"","context":"Entrada similar","img":{"alt_text":"","src":"https:\/\/i0.wp.com\/bookgame.me\/blog\/wp-content\/uploads\/2020\/01\/Captura-3.png?resize=350%2C200&ssl=1","width":350,"height":200},"classes":[]},{"id":780,"url":"https:\/\/bookgame.me\/blog\/tutorial\/primeros-pasos\/conexion-entre-capitulos-y-finales-de-exito-y-de-muerte\/","url_meta":{"origin":692,"position":1},"title":"Conexi\u00f3n entre cap\u00edtulos, y finales de \u00e9xito y de muerte","date":"30 enero, 2020","format":false,"excerpt":"En un librojuego siempre debes existir dos tipos de finales: Final de \u00e9xito. Es decir, el final positivo del librojuego en s\u00ed. Donde el personaje haya cumplido la misi\u00f3n encomendada.Final de muerte. Es decir, un final donde el personaje a fracasado. En los diagramas de cada cap\u00edtulo queda muy claro\u2026","rel":"","context":"Entrada similar","img":{"alt_text":"","src":"https:\/\/i0.wp.com\/bookgame.me\/blog\/wp-content\/uploads\/2020\/01\/Captura-12.png?resize=350%2C200&ssl=1","width":350,"height":200},"classes":[]},{"id":832,"url":"https:\/\/bookgame.me\/blog\/contenidos-en-bookgame-me\/","url_meta":{"origin":692,"position":2},"title":"Contenidos en bookgame.me","date":"21 abril, 2020","format":false,"excerpt":"En bookgame est\u00e1 prohibido contenido que resulte hiriente, intimidatorio, pornogr\u00e1fico, que incite a la violencia o que contenga desnudos o violencia gr\u00e1fica o injustificada. Tampoco contenidos que fomenten el odio o discriminaci\u00f3n por raza, etnia, nacionalidad, religi\u00f3n, orientaci\u00f3n sexual, discapacidad o enfermedad grave. A nivel general, queremos que bookgame.me sea\u2026","rel":"","context":"Entrada similar","img":{"alt_text":"","src":"https:\/\/i0.wp.com\/bookgame.me\/blog\/wp-content\/uploads\/2020\/04\/Captura-6.png?resize=350%2C200&ssl=1","width":350,"height":200},"classes":[]},{"id":718,"url":"https:\/\/bookgame.me\/blog\/tutorial\/primeros-pasos\/crear-un-librojuego\/diferencias-entre-librojuegos-rpg-e-interactivos\/","url_meta":{"origin":692,"position":3},"title":"Diferencias entre librojuegos RPG e interactivos","date":"29 enero, 2020","format":false,"excerpt":"Blabla Volver a Crear un librojuego Ir a Crear un cap\u00edtulo","rel":"","context":"Entrada similar","img":{"alt_text":"","src":"","width":0,"height":0},"classes":[]},{"id":699,"url":"https:\/\/bookgame.me\/blog\/tutorial\/primeros-pasos\/registro\/","url_meta":{"origin":692,"position":4},"title":"Registro","date":"28 enero, 2020","format":false,"excerpt":"Para poder empezar a crear un librojuego lo primero de todo que debes hacer es registrarte en bookgame.me. Para ello debes ir a la p\u00e1gina de registro: Formulario de registro Ver\u00e1s que se te piden s\u00f3lo unos datos b\u00e1sicos: Nombre: No tiene por qu\u00e9 ser tu nombre real. Puede ser\u2026","rel":"","context":"Entrada similar","img":{"alt_text":"","src":"https:\/\/i0.wp.com\/bookgame.me\/blog\/wp-content\/uploads\/2020\/01\/Captura.png?resize=350%2C200&ssl=1","width":350,"height":200},"classes":[]},{"id":716,"url":"https:\/\/bookgame.me\/blog\/tutorial\/primeros-pasos\/crear-un-capitulo\/","url_meta":{"origin":692,"position":5},"title":"Crear un cap\u00edtulo","date":"29 enero, 2020","format":false,"excerpt":"Una vez hab\u00e9is creado un librojuego, podr\u00e9is pulsar en el bot\u00f3n Escribir y acceder a la secci\u00f3n de la lista de cap\u00edtulos. Como todav\u00eda no hab\u00e9is creado ninguno, en la lista no aparecer\u00e1 ninguno. Lista de cap\u00edtulos vac\u00eda Ver\u00e9is que aparece un bot\u00f3n llamado Nuevo cap\u00edtulo. Si lo puls\u00e1is, os\u2026","rel":"","context":"Entrada similar","img":{"alt_text":"","src":"https:\/\/i0.wp.com\/bookgame.me\/blog\/wp-content\/uploads\/2020\/01\/Captura-4.png?resize=350%2C200&ssl=1","width":350,"height":200},"classes":[]}],"jetpack_likes_enabled":false,"_links":{"self":[{"href":"https:\/\/bookgame.me\/blog\/wp-json\/wp\/v2\/pages\/692"}],"collection":[{"href":"https:\/\/bookgame.me\/blog\/wp-json\/wp\/v2\/pages"}],"about":[{"href":"https:\/\/bookgame.me\/blog\/wp-json\/wp\/v2\/types\/page"}],"author":[{"embeddable":true,"href":"https:\/\/bookgame.me\/blog\/wp-json\/wp\/v2\/users\/1"}],"replies":[{"embeddable":true,"href":"https:\/\/bookgame.me\/blog\/wp-json\/wp\/v2\/comments?post=692"}],"version-history":[{"count":5,"href":"https:\/\/bookgame.me\/blog\/wp-json\/wp\/v2\/pages\/692\/revisions"}],"predecessor-version":[{"id":707,"href":"https:\/\/bookgame.me\/blog\/wp-json\/wp\/v2\/pages\/692\/revisions\/707"}],"up":[{"embeddable":true,"href":"https:\/\/bookgame.me\/blog\/wp-json\/wp\/v2\/pages\/690"}],"wp:attachment":[{"href":"https:\/\/bookgame.me\/blog\/wp-json\/wp\/v2\/media?parent=692"}],"curies":[{"name":"wp","href":"https:\/\/api.w.org\/{rel}","templated":true}]}}