{"id":699,"date":"2020-01-28T17:28:04","date_gmt":"2020-01-28T17:28:04","guid":{"rendered":"https:\/\/bookgame.me\/blog\/?page_id=699"},"modified":"2020-01-30T05:50:52","modified_gmt":"2020-01-30T05:50:52","slug":"registro","status":"publish","type":"page","link":"https:\/\/bookgame.me\/blog\/tutorial\/primeros-pasos\/registro\/","title":{"rendered":"Registro"},"content":{"rendered":"\n<p>Para poder empezar a crear un librojuego lo primero de todo que debes hacer es registrarte en bookgame.me. Para ello debes ir a la <a rel=\"noreferrer noopener\" aria-label=\"p\u00e1gina de registro (opens in a new tab)\" href=\"https:\/\/bookgame.me\/es\/register\" target=\"_blank\">p\u00e1gina de registro<\/a>:  <\/p>\n\n\n\n<figure class=\"wp-block-image\"><img data-attachment-id=\"700\" data-permalink=\"https:\/\/bookgame.me\/blog\/tutorial\/primeros-pasos\/registro\/captura-50\/\" data-orig-file=\"https:\/\/i0.wp.com\/bookgame.me\/blog\/wp-content\/uploads\/2020\/01\/Captura.png?fit=764%2C790&amp;ssl=1\" data-orig-size=\"764,790\" data-comments-opened=\"1\" data-image-meta=\"{&quot;aperture&quot;:&quot;0&quot;,&quot;credit&quot;:&quot;&quot;,&quot;camera&quot;:&quot;&quot;,&quot;caption&quot;:&quot;&quot;,&quot;created_timestamp&quot;:&quot;0&quot;,&quot;copyright&quot;:&quot;&quot;,&quot;focal_length&quot;:&quot;0&quot;,&quot;iso&quot;:&quot;0&quot;,&quot;shutter_speed&quot;:&quot;0&quot;,&quot;title&quot;:&quot;&quot;,&quot;orientation&quot;:&quot;0&quot;}\" data-image-title=\"Captura\" data-image-description=\"\" data-image-caption=\"\" data-medium-file=\"https:\/\/i0.wp.com\/bookgame.me\/blog\/wp-content\/uploads\/2020\/01\/Captura.png?fit=290%2C300&amp;ssl=1\" data-large-file=\"https:\/\/i0.wp.com\/bookgame.me\/blog\/wp-content\/uploads\/2020\/01\/Captura.png?fit=764%2C790&amp;ssl=1\" loading=\"lazy\" width=\"764\" height=\"790\" src=\"https:\/\/i0.wp.com\/bookgame.me\/blog\/wp-content\/uploads\/2020\/01\/Captura.png?resize=764%2C790&#038;ssl=1\" alt=\"\" class=\"wp-image-700\" srcset=\"https:\/\/i0.wp.com\/bookgame.me\/blog\/wp-content\/uploads\/2020\/01\/Captura.png?w=764&amp;ssl=1 764w, https:\/\/i0.wp.com\/bookgame.me\/blog\/wp-content\/uploads\/2020\/01\/Captura.png?resize=290%2C300&amp;ssl=1 290w\" sizes=\"(max-width: 764px) 100vw, 764px\" data-recalc-dims=\"1\" \/><figcaption>Formulario de registro<\/figcaption><\/figure>\n\n\n\n<p>Ver\u00e1s que se te piden s\u00f3lo unos datos b\u00e1sicos:<\/p>\n\n\n\n<ol><li><strong>Nombre<\/strong>: No tiene por qu\u00e9 ser tu nombre real. Puede ser un apodo, nickname, o la forma como habitualmente te guste identificarte en internet.<\/li><li><strong>Email<\/strong>: La direcci\u00f3n de email debe ser real, ya que antes de poder publicar un librojuego se exigir\u00e1 que hayas confirmado tu cuenta de correo electr\u00f3nico.<\/li><li><strong>Contrase\u00f1a<\/strong>: La tendr\u00e1s que escribir dos veces.<\/li><li><strong>Suscr\u00edbete a nuestro bolet\u00edn<\/strong>: Si est\u00e1s interesado en escribir tus propios librojuegos, te recomiendo que te suscribas al bolet\u00edn. De esta forma ir\u00e1s recibiendo cada cierto tiempo un correo electr\u00f3nico con las \u00faltimas funcionalidades, trucos y tutoriales para escribir libros interactivos de rol. Si no es tu caso, te recomiendo que no te suscribas. <\/li><li><strong>Av\u00edsame cuando haya nuevos cap\u00edtulos<\/strong>: Si quieres que los escritores de librojuegos te avisen cuando escriban un nuevo cap\u00edtulo, te recomendamos que marques esta casilla. Cada vez que recibas un email, tendr\u00e1s un enlace en el mismo email para desuscribirte.<\/li><li><strong>Resuelve la operaci\u00f3n<\/strong>: Para evitar registros spam te pedimos que realices una suma muy f\u00e1cil. Los bots que autoregistran usuarios spam son tan in\u00fatiles que no saben resolverla.<\/li><\/ol>\n\n\n\n<p>Una vez registrado se te redirigir\u00e1 tu panel personal. Deber\u00e1s confirmar tu cuenta con el enlace que te enviaremos a continuaci\u00f3n a tu email.<\/p>\n\n\n\n<p>Una vez confirmado, ya est\u00e1s preparado para embarcarte en la maravillosa aventura de la escritura de librojuegos de rol.<\/p>\n\n\n\n<hr class=\"wp-block-separator\"\/>\n\n\n\n<div class=\"wp-block-columns has-2-columns\">\n<div class=\"wp-block-column\">\n<p><a href=\"https:\/\/bookgame.me\/blog\/tutorial\/introduccion\/\">Volver a Introducci\u00f3n<\/a><\/p>\n<\/div>\n\n\n\n<div class=\"wp-block-column\">\n<p style=\"text-align:right\"><a href=\"https:\/\/bookgame.me\/blog\/tutorial\/crear-un-librojuego\/\">Ir a Crear un librojuego<\/a><\/p>\n<\/div>\n<\/div>\n","protected":false},"excerpt":{"rendered":"<p>Para poder empezar a crear un librojuego lo primero de todo que debes hacer es registrarte en bookgame.me. Para ello debes ir a la p\u00e1gina de registro: Ver\u00e1s que se te piden s\u00f3lo unos datos b\u00e1sicos: Nombre: No tiene por qu\u00e9 ser tu nombre real. Puede ser un apodo, nickname, o la forma como habitualmente [&hellip;]<\/p>\n","protected":false},"author":1,"featured_media":0,"parent":736,"menu_order":2,"comment_status":"closed","ping_status":"closed","template":"template-tutorial.php","meta":{"spay_email":""},"jetpack_sharing_enabled":true,"jetpack_shortlink":"https:\/\/wp.me\/P9L3hO-bh","jetpack-related-posts":[{"id":708,"url":"https:\/\/bookgame.me\/blog\/tutorial\/primeros-pasos\/crear-un-librojuego\/","url_meta":{"origin":699,"position":0},"title":"Crear un librojuego","date":"29 enero, 2020","format":false,"excerpt":"Para crear un nuevo librojuego hay que entrar en el panel principal de tu cuenta de usuario y pulsar en Nuevo librojuego. Llegar\u00e1s al formulario de creaci\u00f3n del librojuego donde se te piden los siguientes datos: T\u00edtulo: el t\u00edtulo de tu librojuego.Resumen del librojuego: el resumen del librojuego.Idioma: debes seleccionar\u2026","rel":"","context":"Entrada similar","img":{"alt_text":"","src":"https:\/\/i0.wp.com\/bookgame.me\/blog\/wp-content\/uploads\/2020\/01\/Captura-3.png?resize=350%2C200&ssl=1","width":350,"height":200},"classes":[]},{"id":716,"url":"https:\/\/bookgame.me\/blog\/tutorial\/primeros-pasos\/crear-un-capitulo\/","url_meta":{"origin":699,"position":1},"title":"Crear un cap\u00edtulo","date":"29 enero, 2020","format":false,"excerpt":"Una vez hab\u00e9is creado un librojuego, podr\u00e9is pulsar en el bot\u00f3n Escribir y acceder a la secci\u00f3n de la lista de cap\u00edtulos. Como todav\u00eda no hab\u00e9is creado ninguno, en la lista no aparecer\u00e1 ninguno. Lista de cap\u00edtulos vac\u00eda Ver\u00e9is que aparece un bot\u00f3n llamado Nuevo cap\u00edtulo. Si lo puls\u00e1is, os\u2026","rel":"","context":"Entrada similar","img":{"alt_text":"","src":"https:\/\/i0.wp.com\/bookgame.me\/blog\/wp-content\/uploads\/2020\/01\/Captura-4.png?resize=350%2C200&ssl=1","width":350,"height":200},"classes":[]},{"id":756,"url":"https:\/\/bookgame.me\/blog\/tutorial\/primeros-pasos\/diagrama-de-escritura\/","url_meta":{"origin":699,"position":2},"title":"Diagrama de escritura","date":"30 enero, 2020","format":false,"excerpt":"El diagrama de escritura es el lo que te encuentras al empezar a escribir un cap\u00edtulo. Tiene este aspecto: Diagrama de escritura de un cap\u00edtulo Como pod\u00e9is ver, no es un lienzo blanco estilo Word donde empiezas a escribir. Es un diagrama. \u00bfPor qu\u00e9? Porque en la literatura interactiva el\u2026","rel":"","context":"Entrada similar","img":{"alt_text":"","src":"https:\/\/i0.wp.com\/bookgame.me\/blog\/wp-content\/uploads\/2020\/01\/Captura-6.png?resize=350%2C200&ssl=1","width":350,"height":200},"classes":[]},{"id":780,"url":"https:\/\/bookgame.me\/blog\/tutorial\/primeros-pasos\/conexion-entre-capitulos-y-finales-de-exito-y-de-muerte\/","url_meta":{"origin":699,"position":3},"title":"Conexi\u00f3n entre cap\u00edtulos, y finales de \u00e9xito y de muerte","date":"30 enero, 2020","format":false,"excerpt":"En un librojuego siempre debes existir dos tipos de finales: Final de \u00e9xito. Es decir, el final positivo del librojuego en s\u00ed. Donde el personaje haya cumplido la misi\u00f3n encomendada.Final de muerte. Es decir, un final donde el personaje a fracasado. En los diagramas de cada cap\u00edtulo queda muy claro\u2026","rel":"","context":"Entrada similar","img":{"alt_text":"","src":"https:\/\/i0.wp.com\/bookgame.me\/blog\/wp-content\/uploads\/2020\/01\/Captura-12.png?resize=350%2C200&ssl=1","width":350,"height":200},"classes":[]},{"id":692,"url":"https:\/\/bookgame.me\/blog\/tutorial\/introduccion\/","url_meta":{"origin":699,"position":4},"title":"Introducci\u00f3n","date":"28 enero, 2020","format":false,"excerpt":"\u00bfQu\u00e9 es bookgame? Bookgame es una aplicaci\u00f3n web que te permite crear librojuegos interactivos de rol. Vamos a analizar cada una de las palabras. Librojuego: un librojuego es un libro y un juego a la vez. Libro porque sobre todo se lee, y juego ya que se pone en juego\u2026","rel":"","context":"Entrada similar","img":{"alt_text":"","src":"","width":0,"height":0},"classes":[]},{"id":718,"url":"https:\/\/bookgame.me\/blog\/tutorial\/primeros-pasos\/crear-un-librojuego\/diferencias-entre-librojuegos-rpg-e-interactivos\/","url_meta":{"origin":699,"position":5},"title":"Diferencias entre librojuegos RPG e interactivos","date":"29 enero, 2020","format":false,"excerpt":"Blabla Volver a Crear un librojuego Ir a Crear un cap\u00edtulo","rel":"","context":"Entrada similar","img":{"alt_text":"","src":"","width":0,"height":0},"classes":[]}],"jetpack_likes_enabled":false,"_links":{"self":[{"href":"https:\/\/bookgame.me\/blog\/wp-json\/wp\/v2\/pages\/699"}],"collection":[{"href":"https:\/\/bookgame.me\/blog\/wp-json\/wp\/v2\/pages"}],"about":[{"href":"https:\/\/bookgame.me\/blog\/wp-json\/wp\/v2\/types\/page"}],"author":[{"embeddable":true,"href":"https:\/\/bookgame.me\/blog\/wp-json\/wp\/v2\/users\/1"}],"replies":[{"embeddable":true,"href":"https:\/\/bookgame.me\/blog\/wp-json\/wp\/v2\/comments?post=699"}],"version-history":[{"count":4,"href":"https:\/\/bookgame.me\/blog\/wp-json\/wp\/v2\/pages\/699\/revisions"}],"predecessor-version":[{"id":715,"href":"https:\/\/bookgame.me\/blog\/wp-json\/wp\/v2\/pages\/699\/revisions\/715"}],"up":[{"embeddable":true,"href":"https:\/\/bookgame.me\/blog\/wp-json\/wp\/v2\/pages\/736"}],"wp:attachment":[{"href":"https:\/\/bookgame.me\/blog\/wp-json\/wp\/v2\/media?parent=699"}],"curies":[{"name":"wp","href":"https:\/\/api.w.org\/{rel}","templated":true}]}}