{"id":708,"date":"2020-01-29T09:17:48","date_gmt":"2020-01-29T09:17:48","guid":{"rendered":"https:\/\/bookgame.me\/blog\/?page_id=708"},"modified":"2020-01-30T05:51:02","modified_gmt":"2020-01-30T05:51:02","slug":"crear-un-librojuego","status":"publish","type":"page","link":"https:\/\/bookgame.me\/blog\/tutorial\/primeros-pasos\/crear-un-librojuego\/","title":{"rendered":"Crear un librojuego"},"content":{"rendered":"\n<p>Para crear un nuevo librojuego hay que entrar en el panel principal de tu cuenta de usuario y pulsar en <em>Nuevo librojuego<\/em>.<\/p>\n\n\n\n<figure class=\"wp-block-image\"><img data-attachment-id=\"709\" data-permalink=\"https:\/\/bookgame.me\/blog\/tutorial\/primeros-pasos\/crear-un-librojuego\/captura-1-5\/\" data-orig-file=\"https:\/\/i0.wp.com\/bookgame.me\/blog\/wp-content\/uploads\/2020\/01\/Captura-1.png?fit=782%2C73&amp;ssl=1\" data-orig-size=\"782,73\" data-comments-opened=\"1\" data-image-meta=\"{&quot;aperture&quot;:&quot;0&quot;,&quot;credit&quot;:&quot;&quot;,&quot;camera&quot;:&quot;&quot;,&quot;caption&quot;:&quot;&quot;,&quot;created_timestamp&quot;:&quot;0&quot;,&quot;copyright&quot;:&quot;&quot;,&quot;focal_length&quot;:&quot;0&quot;,&quot;iso&quot;:&quot;0&quot;,&quot;shutter_speed&quot;:&quot;0&quot;,&quot;title&quot;:&quot;&quot;,&quot;orientation&quot;:&quot;0&quot;}\" data-image-title=\"Captura-1\" data-image-description=\"\" data-image-caption=\"\" data-medium-file=\"https:\/\/i0.wp.com\/bookgame.me\/blog\/wp-content\/uploads\/2020\/01\/Captura-1.png?fit=300%2C28&amp;ssl=1\" data-large-file=\"https:\/\/i0.wp.com\/bookgame.me\/blog\/wp-content\/uploads\/2020\/01\/Captura-1.png?fit=782%2C73&amp;ssl=1\" loading=\"lazy\" width=\"782\" height=\"73\" src=\"https:\/\/i0.wp.com\/bookgame.me\/blog\/wp-content\/uploads\/2020\/01\/Captura-1.png?resize=782%2C73&#038;ssl=1\" alt=\"\" class=\"wp-image-709\" srcset=\"https:\/\/i0.wp.com\/bookgame.me\/blog\/wp-content\/uploads\/2020\/01\/Captura-1.png?w=782&amp;ssl=1 782w, https:\/\/i0.wp.com\/bookgame.me\/blog\/wp-content\/uploads\/2020\/01\/Captura-1.png?resize=300%2C28&amp;ssl=1 300w, https:\/\/i0.wp.com\/bookgame.me\/blog\/wp-content\/uploads\/2020\/01\/Captura-1.png?resize=768%2C72&amp;ssl=1 768w\" sizes=\"(max-width: 782px) 100vw, 782px\" data-recalc-dims=\"1\" \/><\/figure>\n\n\n\n<p>Llegar\u00e1s al formulario de creaci\u00f3n del librojuego donde se te piden los siguientes datos:<\/p>\n\n\n\n<ol><li><strong>T\u00edtulo<\/strong>: el t\u00edtulo de tu librojuego.<\/li><li><strong>Resumen del librojuego<\/strong>: el resumen del librojuego.<\/li><li><strong>Idioma<\/strong>: debes seleccionar el idioma principal del librojuego. Posteriormente podr\u00e1s a\u00f1adir un idioma secundario para hacer tu librojuego biling\u00fce.<\/li><li><strong>Categor\u00eda principal<\/strong>: debes seleccionar la categor\u00eda a la que pertenece el librojuego. <\/li><li><strong>Otras categor\u00edas<\/strong>: puedes seleccionar categor\u00edas adicionales.<\/li><li><strong>Aventura RPG<\/strong>: dentro de bookgame existen 2 tipos de categor\u00edas de libros. Los que son RPG, y los que son \u00fanicamente librojuegos interactivos (estilo \u00abElige tu propia aventura\u00bb). En otro art\u00edculo explico las diferencias m\u00e1s en detalle.<\/li><li><strong>Portada<\/strong>: puedes subir una portada para tu librojuego. Recuerda que debes tener los derechos de todas las im\u00e1genes que uses en tu librojuego.<\/li><\/ol>\n\n\n\n<p>Una vez rellenados estos datos, ya puedes guardar tu librojuego.<\/p>\n\n\n\n<p>Cuando le des a guardar, volver\u00e1s al panel principal de tu cuenta de usuario. Pero esta vez, te aparecer\u00e1 el librojuego que has creado:<\/p>\n\n\n\n<figure class=\"wp-block-image\"><img data-attachment-id=\"725\" data-permalink=\"https:\/\/bookgame.me\/blog\/tutorial\/primeros-pasos\/crear-un-librojuego\/captura-51\/\" data-orig-file=\"https:\/\/i0.wp.com\/bookgame.me\/blog\/wp-content\/uploads\/2020\/01\/Captura-3.png?fit=786%2C322&amp;ssl=1\" data-orig-size=\"786,322\" data-comments-opened=\"1\" data-image-meta=\"{&quot;aperture&quot;:&quot;0&quot;,&quot;credit&quot;:&quot;&quot;,&quot;camera&quot;:&quot;&quot;,&quot;caption&quot;:&quot;&quot;,&quot;created_timestamp&quot;:&quot;0&quot;,&quot;copyright&quot;:&quot;&quot;,&quot;focal_length&quot;:&quot;0&quot;,&quot;iso&quot;:&quot;0&quot;,&quot;shutter_speed&quot;:&quot;0&quot;,&quot;title&quot;:&quot;&quot;,&quot;orientation&quot;:&quot;0&quot;}\" data-image-title=\"Captura\" data-image-description=\"\" data-image-caption=\"\" data-medium-file=\"https:\/\/i0.wp.com\/bookgame.me\/blog\/wp-content\/uploads\/2020\/01\/Captura-3.png?fit=300%2C123&amp;ssl=1\" data-large-file=\"https:\/\/i0.wp.com\/bookgame.me\/blog\/wp-content\/uploads\/2020\/01\/Captura-3.png?fit=786%2C322&amp;ssl=1\" loading=\"lazy\" width=\"786\" height=\"322\" src=\"https:\/\/i0.wp.com\/bookgame.me\/blog\/wp-content\/uploads\/2020\/01\/Captura-3.png?resize=786%2C322&#038;ssl=1\" alt=\"\" class=\"wp-image-725\" srcset=\"https:\/\/i0.wp.com\/bookgame.me\/blog\/wp-content\/uploads\/2020\/01\/Captura-3.png?w=786&amp;ssl=1 786w, https:\/\/i0.wp.com\/bookgame.me\/blog\/wp-content\/uploads\/2020\/01\/Captura-3.png?resize=300%2C123&amp;ssl=1 300w, https:\/\/i0.wp.com\/bookgame.me\/blog\/wp-content\/uploads\/2020\/01\/Captura-3.png?resize=768%2C315&amp;ssl=1 768w\" sizes=\"(max-width: 786px) 100vw, 786px\" data-recalc-dims=\"1\" \/><\/figure>\n\n\n\n<p>En este cuadro te aparecen varias secciones y apartados:<\/p>\n\n\n\n<ol><li>El t\u00edtulo del librojuego.<\/li><li>El bot\u00f3n <em>No Publicado<\/em>. Pulsando este bot\u00f3n, publicar\u00e1s el librojuego en todas las plataformas de bookgame. \u00a1No lo hagas hasta que no tengas algo decente para publicar!<\/li><li>El bot\u00f3n <em>Solicitar crear app Android<\/em>. En algunos casos, he publicado apps espec\u00edficas de los mejores librojuegos de la plataforma. Para ello debes cumplir una serie de requisitos que est\u00e1n detallados en la secci\u00f3n <a rel=\"noreferrer noopener\" aria-label=\" (opens in a new tab)\" href=\"https:\/\/bookgame.me\/blog\/tutorial\/creacion-de-apps-de-librojuegos-para-dispositivos-android\/\" target=\"_blank\">Creaci\u00f3n de apps de librojuegos para dispositivos Android<\/a>.<\/li><li>El enlace para que puedas probar el librojuego (no entres en el enlace hasta que no tengas un cap\u00edtulo con una p\u00e1gina creada). Este enlace te ser\u00e1 \u00fatil para que puedas probar la lectura de tu librojuego antes de publicarlo.<\/li><li>El resumen del librojuego.<\/li><li>Bot\u00f3n <em>Escribir<\/em>. Pulsando a este bot\u00f3n pasar\u00e1s a la secci\u00f3n de administraci\u00f3n de los cap\u00edtulos del librojuego.<\/li><li>Bot\u00f3n <em>Eliminar<\/em>. Pulsando este bot\u00f3n eliminas el librojuego.<\/li><li>Bot\u00f3n <em>Opciones<\/em>. Pulsando este bot\u00f3n ir\u00e1s a la secci\u00f3n de opciones. Ver\u00e1s que hay muchas opciones. Las tienes todas descritas en la p\u00e1gina de <a rel=\"noreferrer noopener\" aria-label=\" (opens in a new tab)\" href=\"https:\/\/bookgame.me\/blog\/tutorial\/opciones-de-los-librojuegos\/\" target=\"_blank\">Opciones de los librojuegos<\/a>.<\/li><li>Bot\u00f3n <em>Comentarios<\/em>. Cuando un lector termine de leer tu librojuego, podr\u00e1 escribir una rese\u00f1a. Puedes ver las rese\u00f1as pulsando el bot\u00f3n. Adem\u00e1s, te llegar\u00e1 un mensaje de parte de ese lector en la <a href=\"https:\/\/bookgame.me\/blog\/tutorial\/seccion-de-mensajes-de-bookgame\/\" target=\"_blank\" rel=\"noreferrer noopener\" aria-label=\"Secci\u00f3n de mensajes de bookgame (opens in a new tab)\">Secci\u00f3n de mensajes de bookgame<\/a>.<\/li><\/ol>\n\n\n\n<blockquote class=\"wp-block-quote\"><p>Importante: est\u00e1 prohibido contenido que resulte hiriente, intimidatorio, pornogr\u00e1fico, que incite a la violencia o que contenga desnudos o violencia gr\u00e1fica o injustificada. Tampoco contenidos que fomenten el odio o discriminaci\u00f3n por raza, etnia, nacionalidad, religi\u00f3n, orientaci\u00f3n sexual, discapacidad o enfermedad grave. <\/p><\/blockquote>\n\n\n\n<blockquote class=\"wp-block-quote\"><p>A nivel general, queremos que bookgame.me sea un sitio seguro para lectores juveniles (15 a\u00f1os). Por tanto, si tienes dudas de si tu contenido est\u00e1 orientado a un p\u00fablico exclusivamente adulto, mejor no uses esta plataforma ya que podr\u00eda ser censurado.<\/p><\/blockquote>\n\n\n\n<hr class=\"wp-block-separator\"\/>\n\n\n\n<div class=\"wp-block-columns has-2-columns\">\n<div class=\"wp-block-column\">\n<p><a href=\"https:\/\/bookgame.me\/blog\/tutorial\/registro\/\">Volver a Registro<\/a><\/p>\n<\/div>\n\n\n\n<div class=\"wp-block-column\">\n<p style=\"text-align:right\"><a href=\"https:\/\/bookgame.me\/blog\/tutorial\/crear-un-capitulo\/\">Ir a Crear un cap\u00edtulo<\/a><\/p>\n<\/div>\n<\/div>\n","protected":false},"excerpt":{"rendered":"<p>Para crear un nuevo librojuego hay que entrar en el panel principal de tu cuenta de usuario y pulsar en Nuevo librojuego. Llegar\u00e1s al formulario de creaci\u00f3n del librojuego donde se te piden los siguientes datos: T\u00edtulo: el t\u00edtulo de tu librojuego. Resumen del librojuego: el resumen del librojuego. Idioma: debes seleccionar el idioma principal [&hellip;]<\/p>\n","protected":false},"author":1,"featured_media":0,"parent":736,"menu_order":3,"comment_status":"closed","ping_status":"closed","template":"template-tutorial.php","meta":{"spay_email":""},"jetpack_sharing_enabled":true,"jetpack_shortlink":"https:\/\/wp.me\/P9L3hO-bq","jetpack-related-posts":[{"id":716,"url":"https:\/\/bookgame.me\/blog\/tutorial\/primeros-pasos\/crear-un-capitulo\/","url_meta":{"origin":708,"position":0},"title":"Crear un cap\u00edtulo","date":"29 enero, 2020","format":false,"excerpt":"Una vez hab\u00e9is creado un librojuego, podr\u00e9is pulsar en el bot\u00f3n Escribir y acceder a la secci\u00f3n de la lista de cap\u00edtulos. Como todav\u00eda no hab\u00e9is creado ninguno, en la lista no aparecer\u00e1 ninguno. Lista de cap\u00edtulos vac\u00eda Ver\u00e9is que aparece un bot\u00f3n llamado Nuevo cap\u00edtulo. Si lo puls\u00e1is, os\u2026","rel":"","context":"Entrada similar","img":{"alt_text":"","src":"https:\/\/i0.wp.com\/bookgame.me\/blog\/wp-content\/uploads\/2020\/01\/Captura-4.png?resize=350%2C200&ssl=1","width":350,"height":200},"classes":[]},{"id":780,"url":"https:\/\/bookgame.me\/blog\/tutorial\/primeros-pasos\/conexion-entre-capitulos-y-finales-de-exito-y-de-muerte\/","url_meta":{"origin":708,"position":1},"title":"Conexi\u00f3n entre cap\u00edtulos, y finales de \u00e9xito y de muerte","date":"30 enero, 2020","format":false,"excerpt":"En un librojuego siempre debes existir dos tipos de finales: Final de \u00e9xito. Es decir, el final positivo del librojuego en s\u00ed. Donde el personaje haya cumplido la misi\u00f3n encomendada.Final de muerte. Es decir, un final donde el personaje a fracasado. En los diagramas de cada cap\u00edtulo queda muy claro\u2026","rel":"","context":"Entrada similar","img":{"alt_text":"","src":"https:\/\/i0.wp.com\/bookgame.me\/blog\/wp-content\/uploads\/2020\/01\/Captura-12.png?resize=350%2C200&ssl=1","width":350,"height":200},"classes":[]},{"id":699,"url":"https:\/\/bookgame.me\/blog\/tutorial\/primeros-pasos\/registro\/","url_meta":{"origin":708,"position":2},"title":"Registro","date":"28 enero, 2020","format":false,"excerpt":"Para poder empezar a crear un librojuego lo primero de todo que debes hacer es registrarte en bookgame.me. Para ello debes ir a la p\u00e1gina de registro: Formulario de registro Ver\u00e1s que se te piden s\u00f3lo unos datos b\u00e1sicos: Nombre: No tiene por qu\u00e9 ser tu nombre real. Puede ser\u2026","rel":"","context":"Entrada similar","img":{"alt_text":"","src":"https:\/\/i0.wp.com\/bookgame.me\/blog\/wp-content\/uploads\/2020\/01\/Captura.png?resize=350%2C200&ssl=1","width":350,"height":200},"classes":[]},{"id":756,"url":"https:\/\/bookgame.me\/blog\/tutorial\/primeros-pasos\/diagrama-de-escritura\/","url_meta":{"origin":708,"position":3},"title":"Diagrama de escritura","date":"30 enero, 2020","format":false,"excerpt":"El diagrama de escritura es el lo que te encuentras al empezar a escribir un cap\u00edtulo. Tiene este aspecto: Diagrama de escritura de un cap\u00edtulo Como pod\u00e9is ver, no es un lienzo blanco estilo Word donde empiezas a escribir. Es un diagrama. \u00bfPor qu\u00e9? Porque en la literatura interactiva el\u2026","rel":"","context":"Entrada similar","img":{"alt_text":"","src":"https:\/\/i0.wp.com\/bookgame.me\/blog\/wp-content\/uploads\/2020\/01\/Captura-6.png?resize=350%2C200&ssl=1","width":350,"height":200},"classes":[]},{"id":718,"url":"https:\/\/bookgame.me\/blog\/tutorial\/primeros-pasos\/crear-un-librojuego\/diferencias-entre-librojuegos-rpg-e-interactivos\/","url_meta":{"origin":708,"position":4},"title":"Diferencias entre librojuegos RPG e interactivos","date":"29 enero, 2020","format":false,"excerpt":"Blabla Volver a Crear un librojuego Ir a Crear un cap\u00edtulo","rel":"","context":"Entrada similar","img":{"alt_text":"","src":"","width":0,"height":0},"classes":[]},{"id":692,"url":"https:\/\/bookgame.me\/blog\/tutorial\/introduccion\/","url_meta":{"origin":708,"position":5},"title":"Introducci\u00f3n","date":"28 enero, 2020","format":false,"excerpt":"\u00bfQu\u00e9 es bookgame? Bookgame es una aplicaci\u00f3n web que te permite crear librojuegos interactivos de rol. Vamos a analizar cada una de las palabras. Librojuego: un librojuego es un libro y un juego a la vez. Libro porque sobre todo se lee, y juego ya que se pone en juego\u2026","rel":"","context":"Entrada similar","img":{"alt_text":"","src":"","width":0,"height":0},"classes":[]}],"jetpack_likes_enabled":false,"_links":{"self":[{"href":"https:\/\/bookgame.me\/blog\/wp-json\/wp\/v2\/pages\/708"}],"collection":[{"href":"https:\/\/bookgame.me\/blog\/wp-json\/wp\/v2\/pages"}],"about":[{"href":"https:\/\/bookgame.me\/blog\/wp-json\/wp\/v2\/types\/page"}],"author":[{"embeddable":true,"href":"https:\/\/bookgame.me\/blog\/wp-json\/wp\/v2\/users\/1"}],"replies":[{"embeddable":true,"href":"https:\/\/bookgame.me\/blog\/wp-json\/wp\/v2\/comments?post=708"}],"version-history":[{"count":5,"href":"https:\/\/bookgame.me\/blog\/wp-json\/wp\/v2\/pages\/708\/revisions"}],"predecessor-version":[{"id":735,"href":"https:\/\/bookgame.me\/blog\/wp-json\/wp\/v2\/pages\/708\/revisions\/735"}],"up":[{"embeddable":true,"href":"https:\/\/bookgame.me\/blog\/wp-json\/wp\/v2\/pages\/736"}],"wp:attachment":[{"href":"https:\/\/bookgame.me\/blog\/wp-json\/wp\/v2\/media?parent=708"}],"curies":[{"name":"wp","href":"https:\/\/api.w.org\/{rel}","templated":true}]}}