{"id":716,"date":"2020-01-29T09:22:52","date_gmt":"2020-01-29T09:22:52","guid":{"rendered":"https:\/\/bookgame.me\/blog\/?page_id=716"},"modified":"2020-01-30T09:33:23","modified_gmt":"2020-01-30T09:33:23","slug":"crear-un-capitulo","status":"publish","type":"page","link":"https:\/\/bookgame.me\/blog\/tutorial\/primeros-pasos\/crear-un-capitulo\/","title":{"rendered":"Crear un cap\u00edtulo"},"content":{"rendered":"\n<p>Una vez hab\u00e9is creado un librojuego, podr\u00e9is pulsar en el bot\u00f3n <em>Escribir <\/em>y acceder a la secci\u00f3n de la lista de cap\u00edtulos. Como todav\u00eda no hab\u00e9is creado ninguno, en la lista no aparecer\u00e1 ninguno.<\/p>\n\n\n\n<figure class=\"wp-block-image\"><img data-attachment-id=\"742\" data-permalink=\"https:\/\/bookgame.me\/blog\/tutorial\/primeros-pasos\/crear-un-capitulo\/captura-4-4\/\" data-orig-file=\"https:\/\/i0.wp.com\/bookgame.me\/blog\/wp-content\/uploads\/2020\/01\/Captura-4.png?fit=955%2C227&amp;ssl=1\" data-orig-size=\"955,227\" data-comments-opened=\"1\" data-image-meta=\"{&quot;aperture&quot;:&quot;0&quot;,&quot;credit&quot;:&quot;&quot;,&quot;camera&quot;:&quot;&quot;,&quot;caption&quot;:&quot;&quot;,&quot;created_timestamp&quot;:&quot;0&quot;,&quot;copyright&quot;:&quot;&quot;,&quot;focal_length&quot;:&quot;0&quot;,&quot;iso&quot;:&quot;0&quot;,&quot;shutter_speed&quot;:&quot;0&quot;,&quot;title&quot;:&quot;&quot;,&quot;orientation&quot;:&quot;0&quot;}\" data-image-title=\"Captura-4\" data-image-description=\"\" data-image-caption=\"\" data-medium-file=\"https:\/\/i0.wp.com\/bookgame.me\/blog\/wp-content\/uploads\/2020\/01\/Captura-4.png?fit=300%2C71&amp;ssl=1\" data-large-file=\"https:\/\/i0.wp.com\/bookgame.me\/blog\/wp-content\/uploads\/2020\/01\/Captura-4.png?fit=955%2C227&amp;ssl=1\" loading=\"lazy\" width=\"955\" height=\"227\" src=\"https:\/\/i0.wp.com\/bookgame.me\/blog\/wp-content\/uploads\/2020\/01\/Captura-4.png?resize=955%2C227&#038;ssl=1\" alt=\"\" class=\"wp-image-742\" srcset=\"https:\/\/i0.wp.com\/bookgame.me\/blog\/wp-content\/uploads\/2020\/01\/Captura-4.png?w=955&amp;ssl=1 955w, https:\/\/i0.wp.com\/bookgame.me\/blog\/wp-content\/uploads\/2020\/01\/Captura-4.png?resize=300%2C71&amp;ssl=1 300w, https:\/\/i0.wp.com\/bookgame.me\/blog\/wp-content\/uploads\/2020\/01\/Captura-4.png?resize=768%2C183&amp;ssl=1 768w\" sizes=\"(max-width: 955px) 100vw, 955px\" data-recalc-dims=\"1\" \/><figcaption>Lista de cap\u00edtulos vac\u00eda<\/figcaption><\/figure>\n\n\n\n<p>Ver\u00e9is que aparece un bot\u00f3n llamado <em>Nuevo cap\u00edtulo<\/em>. Si lo puls\u00e1is, os aparecer\u00e1 un formulario. Deb\u00e9is introducir los siguientes datos:<\/p>\n\n\n\n<ol><li><strong>T\u00edtulo<\/strong>: el t\u00edtulo del cap\u00edtulo.<\/li><li><strong>N\u00famero<\/strong>: el numero del cap\u00edtulo. Es importante introducir un n\u00famero ya que el lector, cuando empiece a leer el librojuego, empezar\u00e1 en el primer n\u00famero de cap\u00edtulo de todos. En la ficha de tu librojuego, aparecer\u00e1 el n\u00famero de cada cap\u00edtulo.<\/li><li><strong>Resumen del cap\u00edtulo (opcional)<\/strong>: puedes introducir un resumen al cap\u00edtulo.<\/li><\/ol>\n\n\n\n<p>Adem\u00e1s de estas opciones b\u00e1sicas aparecen las opciones avanzadas. Son las siguientes:<\/p>\n\n\n\n<ol><li><strong>Importar de Twine JSON (opcional)<\/strong>: puedes importar el contenido de un cap\u00edtulo que hayas escrito con la herramienta Twine. Deber\u00e1s pegar el c\u00f3digo JSON del cap\u00edtulo. <a rel=\"noreferrer noopener\" aria-label=\"Pulsa aqu\u00ed para ver el tutorial de importaci\u00f3n de cap\u00edtulos con Twine (opens in a new tab)\" href=\"https:\/\/bookgame.me\/blog\/de-twine-a-librojuego-de-rol-como-convertir-librojuegos-interactivos-a-uno-rpg\/\" target=\"_blank\">Pulsa aqu\u00ed para ver el tutorial de importaci\u00f3n de cap\u00edtulos con Twine<\/a>.<\/li><li><strong>Importar de Bookgame JSON (opcional)<\/strong>: en ocasiones puede interesarte duplicar un cap\u00edtulo ya escrito en la propia plataforma. Los cap\u00edtulos pueden ser exportados en formato JSON, y despu\u00e9s ser importados de nuevo introduciendo todo el c\u00f3digo en este campo.<\/li><li> <strong>Cap\u00edtulo de pago<\/strong>: Si quieres que este cap\u00edtulo sea de pago, puedes indicar la cantidad que costar\u00e1 al lector leerlo. Cuando el lector tenga que pasar a este cap\u00edtulo, le aparecer\u00e1 un mensaje dici\u00e9ndole que tiene que pagar X euros para poder acceder. Para cobrar los cap\u00edtulos de pag debes ser usuario Premium de bookgame.me.<\/li><\/ol>\n\n\n\n<p>Una vez rellenado los campos puedes guardar. Ver\u00e1s que ya aparece en la lista el cap\u00edtulo que has creado:<\/p>\n\n\n\n<figure class=\"wp-block-image\"><img data-attachment-id=\"748\" data-permalink=\"https:\/\/bookgame.me\/blog\/tutorial\/primeros-pasos\/crear-un-capitulo\/captura-5-2\/\" data-orig-file=\"https:\/\/i0.wp.com\/bookgame.me\/blog\/wp-content\/uploads\/2020\/01\/Captura-5.png?fit=770%2C347&amp;ssl=1\" data-orig-size=\"770,347\" data-comments-opened=\"1\" data-image-meta=\"{&quot;aperture&quot;:&quot;0&quot;,&quot;credit&quot;:&quot;&quot;,&quot;camera&quot;:&quot;&quot;,&quot;caption&quot;:&quot;&quot;,&quot;created_timestamp&quot;:&quot;0&quot;,&quot;copyright&quot;:&quot;&quot;,&quot;focal_length&quot;:&quot;0&quot;,&quot;iso&quot;:&quot;0&quot;,&quot;shutter_speed&quot;:&quot;0&quot;,&quot;title&quot;:&quot;&quot;,&quot;orientation&quot;:&quot;0&quot;}\" data-image-title=\"Captura-5\" data-image-description=\"\" data-image-caption=\"\" data-medium-file=\"https:\/\/i0.wp.com\/bookgame.me\/blog\/wp-content\/uploads\/2020\/01\/Captura-5.png?fit=300%2C135&amp;ssl=1\" data-large-file=\"https:\/\/i0.wp.com\/bookgame.me\/blog\/wp-content\/uploads\/2020\/01\/Captura-5.png?fit=770%2C347&amp;ssl=1\" loading=\"lazy\" width=\"770\" height=\"347\" src=\"https:\/\/i0.wp.com\/bookgame.me\/blog\/wp-content\/uploads\/2020\/01\/Captura-5.png?resize=770%2C347&#038;ssl=1\" alt=\"\" class=\"wp-image-748\" srcset=\"https:\/\/i0.wp.com\/bookgame.me\/blog\/wp-content\/uploads\/2020\/01\/Captura-5.png?w=770&amp;ssl=1 770w, https:\/\/i0.wp.com\/bookgame.me\/blog\/wp-content\/uploads\/2020\/01\/Captura-5.png?resize=300%2C135&amp;ssl=1 300w, https:\/\/i0.wp.com\/bookgame.me\/blog\/wp-content\/uploads\/2020\/01\/Captura-5.png?resize=768%2C346&amp;ssl=1 768w\" sizes=\"(max-width: 770px) 100vw, 770px\" data-recalc-dims=\"1\" \/><\/figure>\n\n\n\n<p>Podr\u00e9is ver los siguientes elementos:<\/p>\n\n\n\n<ol><li>Tiempo: la columna tiempo indica el tiempo que llevas escribiendo este cap\u00edtulo. Si quieres saber c\u00f3mo calculo ese tiempo <a rel=\"noreferrer noopener\" aria-label=\"clica aqu\u00ed (opens in a new tab)\" href=\"https:\/\/bookgame.me\/blog\/ver-el-tiempo-dedicado-a-la-escritura-de-tu-librojuego\/\" target=\"_blank\">clica aqu\u00ed<\/a>.<\/li><li>Bot\u00f3n <em>Escribir relato<\/em>: este bot\u00f3n te llevar\u00e1 al diagrama de escritura del cap\u00edtulo.<\/li><li>Bot\u00f3n <em>Opciones<\/em>: pulsando en este enlace puedes configurar opciones adicionales. <a rel=\"noreferrer noopener\" aria-label=\"Pulsa aqu\u00ed para ver una descripci\u00f3n de las opciones adicionales (opens in a new tab)\" href=\"https:\/\/bookgame.me\/blog\/tutorial\/opciones-de-los-capitulos\/\" target=\"_blank\">Pulsa aqu\u00ed para ver una descripci\u00f3n de las opciones adicionales<\/a>.<\/li><li>Bot\u00f3n <em>Eliminar<\/em>: puls\u00e1ndolo, se eliminar\u00e1 el cap\u00edtulo. Ten mucho cuidado con esta opci\u00f3n.<\/li><li>Bot\u00f3n <em>Descargar JSON<\/em>: al pulsarlo te descargar\u00e1s un archivo de texto con el c\u00f3digo JSON del cap\u00edtulo. Lo puedes usar para crear un cap\u00edtulo id\u00e9ntico al actual.<\/li><li>Bot\u00f3n <em>Backups<\/em>: pulsando este bot\u00f3n acceder\u00e1s a la lista de backups del cap\u00edtulo. Es muy \u00fatil para cuando haya contenido que hayas eliminado sin querer, o cuando un cap\u00edtulo se corrompa por cualquier motivo. <a rel=\"noreferrer noopener\" aria-label=\"M\u00e1s informaci\u00f3n sobre los backups (opens in a new tab)\" href=\"https:\/\/bookgame.me\/blog\/tutorial\/los-backups\/\" target=\"_blank\">M\u00e1s informaci\u00f3n sobre los backups<\/a>.<\/li><\/ol>\n\n\n\n<p>Una vez hay\u00e1is creado el cap\u00edtulo pod\u00e9is pulsar el bot\u00f3n <em>Escribir relato<\/em> para  empezar a escribir vuestro librojuego.<\/p>\n\n\n\n<hr class=\"wp-block-separator\"\/>\n\n\n\n<div class=\"wp-block-columns has-2-columns\">\n<div class=\"wp-block-column\">\n<p><a href=\"https:\/\/bookgame.me\/blog\/tutorial\/crear-un-librojuego\/\">Volver a Crear un librojuego<\/a><\/p>\n<\/div>\n\n\n\n<div class=\"wp-block-column\">\n<p style=\"text-align:right\"><a href=\"https:\/\/bookgame.me\/blog\/tutorial\/primeros-pasos\/diagrama-de-escritura\/\">Ir a Diagrama de escritura<\/a><\/p>\n<\/div>\n<\/div>\n","protected":false},"excerpt":{"rendered":"<p>Una vez hab\u00e9is creado un librojuego, podr\u00e9is pulsar en el bot\u00f3n Escribir y acceder a la secci\u00f3n de la lista de cap\u00edtulos. Como todav\u00eda no hab\u00e9is creado ninguno, en la lista no aparecer\u00e1 ninguno. Ver\u00e9is que aparece un bot\u00f3n llamado Nuevo cap\u00edtulo. Si lo puls\u00e1is, os aparecer\u00e1 un formulario. Deb\u00e9is introducir los siguientes datos: T\u00edtulo: [&hellip;]<\/p>\n","protected":false},"author":1,"featured_media":0,"parent":736,"menu_order":4,"comment_status":"closed","ping_status":"closed","template":"template-tutorial.php","meta":{"spay_email":""},"jetpack_sharing_enabled":true,"jetpack_shortlink":"https:\/\/wp.me\/P9L3hO-by","jetpack-related-posts":[{"id":780,"url":"https:\/\/bookgame.me\/blog\/tutorial\/primeros-pasos\/conexion-entre-capitulos-y-finales-de-exito-y-de-muerte\/","url_meta":{"origin":716,"position":0},"title":"Conexi\u00f3n entre cap\u00edtulos, y finales de \u00e9xito y de muerte","date":"30 enero, 2020","format":false,"excerpt":"En un librojuego siempre debes existir dos tipos de finales: Final de \u00e9xito. Es decir, el final positivo del librojuego en s\u00ed. Donde el personaje haya cumplido la misi\u00f3n encomendada.Final de muerte. Es decir, un final donde el personaje a fracasado. En los diagramas de cada cap\u00edtulo queda muy claro\u2026","rel":"","context":"Entrada similar","img":{"alt_text":"","src":"https:\/\/i0.wp.com\/bookgame.me\/blog\/wp-content\/uploads\/2020\/01\/Captura-12.png?resize=350%2C200&ssl=1","width":350,"height":200},"classes":[]},{"id":708,"url":"https:\/\/bookgame.me\/blog\/tutorial\/primeros-pasos\/crear-un-librojuego\/","url_meta":{"origin":716,"position":1},"title":"Crear un librojuego","date":"29 enero, 2020","format":false,"excerpt":"Para crear un nuevo librojuego hay que entrar en el panel principal de tu cuenta de usuario y pulsar en Nuevo librojuego. Llegar\u00e1s al formulario de creaci\u00f3n del librojuego donde se te piden los siguientes datos: T\u00edtulo: el t\u00edtulo de tu librojuego.Resumen del librojuego: el resumen del librojuego.Idioma: debes seleccionar\u2026","rel":"","context":"Entrada similar","img":{"alt_text":"","src":"https:\/\/i0.wp.com\/bookgame.me\/blog\/wp-content\/uploads\/2020\/01\/Captura-3.png?resize=350%2C200&ssl=1","width":350,"height":200},"classes":[]},{"id":756,"url":"https:\/\/bookgame.me\/blog\/tutorial\/primeros-pasos\/diagrama-de-escritura\/","url_meta":{"origin":716,"position":2},"title":"Diagrama de escritura","date":"30 enero, 2020","format":false,"excerpt":"El diagrama de escritura es el lo que te encuentras al empezar a escribir un cap\u00edtulo. Tiene este aspecto: Diagrama de escritura de un cap\u00edtulo Como pod\u00e9is ver, no es un lienzo blanco estilo Word donde empiezas a escribir. Es un diagrama. \u00bfPor qu\u00e9? Porque en la literatura interactiva el\u2026","rel":"","context":"Entrada similar","img":{"alt_text":"","src":"https:\/\/i0.wp.com\/bookgame.me\/blog\/wp-content\/uploads\/2020\/01\/Captura-6.png?resize=350%2C200&ssl=1","width":350,"height":200},"classes":[]},{"id":699,"url":"https:\/\/bookgame.me\/blog\/tutorial\/primeros-pasos\/registro\/","url_meta":{"origin":716,"position":3},"title":"Registro","date":"28 enero, 2020","format":false,"excerpt":"Para poder empezar a crear un librojuego lo primero de todo que debes hacer es registrarte en bookgame.me. Para ello debes ir a la p\u00e1gina de registro: Formulario de registro Ver\u00e1s que se te piden s\u00f3lo unos datos b\u00e1sicos: Nombre: No tiene por qu\u00e9 ser tu nombre real. Puede ser\u2026","rel":"","context":"Entrada similar","img":{"alt_text":"","src":"https:\/\/i0.wp.com\/bookgame.me\/blog\/wp-content\/uploads\/2020\/01\/Captura.png?resize=350%2C200&ssl=1","width":350,"height":200},"classes":[]},{"id":718,"url":"https:\/\/bookgame.me\/blog\/tutorial\/primeros-pasos\/crear-un-librojuego\/diferencias-entre-librojuegos-rpg-e-interactivos\/","url_meta":{"origin":716,"position":4},"title":"Diferencias entre librojuegos RPG e interactivos","date":"29 enero, 2020","format":false,"excerpt":"Blabla Volver a Crear un librojuego Ir a Crear un cap\u00edtulo","rel":"","context":"Entrada similar","img":{"alt_text":"","src":"","width":0,"height":0},"classes":[]},{"id":692,"url":"https:\/\/bookgame.me\/blog\/tutorial\/introduccion\/","url_meta":{"origin":716,"position":5},"title":"Introducci\u00f3n","date":"28 enero, 2020","format":false,"excerpt":"\u00bfQu\u00e9 es bookgame? Bookgame es una aplicaci\u00f3n web que te permite crear librojuegos interactivos de rol. Vamos a analizar cada una de las palabras. Librojuego: un librojuego es un libro y un juego a la vez. Libro porque sobre todo se lee, y juego ya que se pone en juego\u2026","rel":"","context":"Entrada similar","img":{"alt_text":"","src":"","width":0,"height":0},"classes":[]}],"jetpack_likes_enabled":false,"_links":{"self":[{"href":"https:\/\/bookgame.me\/blog\/wp-json\/wp\/v2\/pages\/716"}],"collection":[{"href":"https:\/\/bookgame.me\/blog\/wp-json\/wp\/v2\/pages"}],"about":[{"href":"https:\/\/bookgame.me\/blog\/wp-json\/wp\/v2\/types\/page"}],"author":[{"embeddable":true,"href":"https:\/\/bookgame.me\/blog\/wp-json\/wp\/v2\/users\/1"}],"replies":[{"embeddable":true,"href":"https:\/\/bookgame.me\/blog\/wp-json\/wp\/v2\/comments?post=716"}],"version-history":[{"count":5,"href":"https:\/\/bookgame.me\/blog\/wp-json\/wp\/v2\/pages\/716\/revisions"}],"predecessor-version":[{"id":768,"href":"https:\/\/bookgame.me\/blog\/wp-json\/wp\/v2\/pages\/716\/revisions\/768"}],"up":[{"embeddable":true,"href":"https:\/\/bookgame.me\/blog\/wp-json\/wp\/v2\/pages\/736"}],"wp:attachment":[{"href":"https:\/\/bookgame.me\/blog\/wp-json\/wp\/v2\/media?parent=716"}],"curies":[{"name":"wp","href":"https:\/\/api.w.org\/{rel}","templated":true}]}}