{"id":732,"date":"2020-01-29T10:09:11","date_gmt":"2020-01-29T10:09:11","guid":{"rendered":"https:\/\/bookgame.me\/blog\/?page_id=732"},"modified":"2020-01-29T10:09:11","modified_gmt":"2020-01-29T10:09:11","slug":"seccion-de-mensajes-de-bookgame","status":"publish","type":"page","link":"https:\/\/bookgame.me\/blog\/tutorial\/seccion-de-mensajes-de-bookgame\/","title":{"rendered":"Secci\u00f3n de mensajes de bookgame"},"content":{"rendered":"\n<p>\n\nEsta p\u00e1gina est\u00e1 en proceso de creaci\u00f3n.\n\n<\/p>\n","protected":false},"excerpt":{"rendered":"<p>Esta p\u00e1gina est\u00e1 en proceso de creaci\u00f3n.<\/p>\n","protected":false},"author":1,"featured_media":0,"parent":690,"menu_order":0,"comment_status":"closed","ping_status":"closed","template":"template-tutorial.php","meta":{"spay_email":""},"jetpack_sharing_enabled":true,"jetpack_shortlink":"https:\/\/wp.me\/P9L3hO-bO","jetpack-related-posts":[{"id":727,"url":"https:\/\/bookgame.me\/blog\/tutorial\/creacion-de-apps-de-librojuegos-para-dispositivos-android\/","url_meta":{"origin":732,"position":0},"title":"Creaci\u00f3n de apps de librojuegos para dispositivos Android","date":"29 enero, 2020","format":false,"excerpt":"Esta p\u00e1gina est\u00e1 en proceso de creaci\u00f3n.","rel":"","context":"Entrada similar","img":{"alt_text":"","src":"","width":0,"height":0},"classes":[]},{"id":730,"url":"https:\/\/bookgame.me\/blog\/tutorial\/opciones-de-los-librojuegos\/","url_meta":{"origin":732,"position":1},"title":"Opciones de los librojuegos","date":"29 enero, 2020","format":false,"excerpt":"Esta p\u00e1gina est\u00e1 en proceso de creaci\u00f3n.","rel":"","context":"Entrada similar","img":{"alt_text":"","src":"","width":0,"height":0},"classes":[]},{"id":751,"url":"https:\/\/bookgame.me\/blog\/tutorial\/opciones-de-los-capitulos\/","url_meta":{"origin":732,"position":2},"title":"Opciones de los cap\u00edtulos","date":"30 enero, 2020","format":false,"excerpt":"Esta p\u00e1gina est\u00e1 en proceso de creaci\u00f3n.","rel":"","context":"Entrada similar","img":{"alt_text":"","src":"","width":0,"height":0},"classes":[]},{"id":771,"url":"https:\/\/bookgame.me\/blog\/tutorial\/opciones-de-las-paginas\/","url_meta":{"origin":732,"position":3},"title":"Opciones de las p\u00e1ginas","date":"30 enero, 2020","format":false,"excerpt":"Esta p\u00e1gina est\u00e1 en proceso de creaci\u00f3n.","rel":"","context":"Entrada similar","img":{"alt_text":"","src":"","width":0,"height":0},"classes":[]},{"id":754,"url":"https:\/\/bookgame.me\/blog\/tutorial\/los-backups\/","url_meta":{"origin":732,"position":4},"title":"Los backups","date":"30 enero, 2020","format":false,"excerpt":"Esta p\u00e1gina est\u00e1 en proceso de creaci\u00f3n.","rel":"","context":"Entrada similar","img":{"alt_text":"","src":"","width":0,"height":0},"classes":[]},{"id":708,"url":"https:\/\/bookgame.me\/blog\/tutorial\/primeros-pasos\/crear-un-librojuego\/","url_meta":{"origin":732,"position":5},"title":"Crear un librojuego","date":"29 enero, 2020","format":false,"excerpt":"Para crear un nuevo librojuego hay que entrar en el panel principal de tu cuenta de usuario y pulsar en Nuevo librojuego. Llegar\u00e1s al formulario de creaci\u00f3n del librojuego donde se te piden los siguientes datos: T\u00edtulo: el t\u00edtulo de tu librojuego.Resumen del librojuego: el resumen del librojuego.Idioma: debes seleccionar\u2026","rel":"","context":"Entrada similar","img":{"alt_text":"","src":"https:\/\/i0.wp.com\/bookgame.me\/blog\/wp-content\/uploads\/2020\/01\/Captura-3.png?resize=350%2C200&ssl=1","width":350,"height":200},"classes":[]}],"jetpack_likes_enabled":false,"_links":{"self":[{"href":"https:\/\/bookgame.me\/blog\/wp-json\/wp\/v2\/pages\/732"}],"collection":[{"href":"https:\/\/bookgame.me\/blog\/wp-json\/wp\/v2\/pages"}],"about":[{"href":"https:\/\/bookgame.me\/blog\/wp-json\/wp\/v2\/types\/page"}],"author":[{"embeddable":true,"href":"https:\/\/bookgame.me\/blog\/wp-json\/wp\/v2\/users\/1"}],"replies":[{"embeddable":true,"href":"https:\/\/bookgame.me\/blog\/wp-json\/wp\/v2\/comments?post=732"}],"version-history":[{"count":1,"href":"https:\/\/bookgame.me\/blog\/wp-json\/wp\/v2\/pages\/732\/revisions"}],"predecessor-version":[{"id":733,"href":"https:\/\/bookgame.me\/blog\/wp-json\/wp\/v2\/pages\/732\/revisions\/733"}],"up":[{"embeddable":true,"href":"https:\/\/bookgame.me\/blog\/wp-json\/wp\/v2\/pages\/690"}],"wp:attachment":[{"href":"https:\/\/bookgame.me\/blog\/wp-json\/wp\/v2\/media?parent=732"}],"curies":[{"name":"wp","href":"https:\/\/api.w.org\/{rel}","templated":true}]}}