{"id":756,"date":"2020-01-30T09:12:39","date_gmt":"2020-01-30T09:12:39","guid":{"rendered":"https:\/\/bookgame.me\/blog\/?page_id=756"},"modified":"2020-01-30T09:47:14","modified_gmt":"2020-01-30T09:47:14","slug":"diagrama-de-escritura","status":"publish","type":"page","link":"https:\/\/bookgame.me\/blog\/tutorial\/primeros-pasos\/diagrama-de-escritura\/","title":{"rendered":"Diagrama de escritura"},"content":{"rendered":"\n<p>El diagrama de escritura es el lo que te encuentras al empezar a escribir un cap\u00edtulo. Tiene este aspecto:<\/p>\n\n\n\n<figure class=\"wp-block-image\"><img data-attachment-id=\"757\" data-permalink=\"https:\/\/bookgame.me\/blog\/tutorial\/primeros-pasos\/diagrama-de-escritura\/captura-6-2\/\" data-orig-file=\"https:\/\/i0.wp.com\/bookgame.me\/blog\/wp-content\/uploads\/2020\/01\/Captura-6.png?fit=653%2C592&amp;ssl=1\" data-orig-size=\"653,592\" data-comments-opened=\"1\" data-image-meta=\"{&quot;aperture&quot;:&quot;0&quot;,&quot;credit&quot;:&quot;&quot;,&quot;camera&quot;:&quot;&quot;,&quot;caption&quot;:&quot;&quot;,&quot;created_timestamp&quot;:&quot;0&quot;,&quot;copyright&quot;:&quot;&quot;,&quot;focal_length&quot;:&quot;0&quot;,&quot;iso&quot;:&quot;0&quot;,&quot;shutter_speed&quot;:&quot;0&quot;,&quot;title&quot;:&quot;&quot;,&quot;orientation&quot;:&quot;0&quot;}\" data-image-title=\"Captura-6\" data-image-description=\"\" data-image-caption=\"\" data-medium-file=\"https:\/\/i0.wp.com\/bookgame.me\/blog\/wp-content\/uploads\/2020\/01\/Captura-6.png?fit=300%2C272&amp;ssl=1\" data-large-file=\"https:\/\/i0.wp.com\/bookgame.me\/blog\/wp-content\/uploads\/2020\/01\/Captura-6.png?fit=653%2C592&amp;ssl=1\" loading=\"lazy\" width=\"653\" height=\"592\" src=\"https:\/\/i0.wp.com\/bookgame.me\/blog\/wp-content\/uploads\/2020\/01\/Captura-6.png?resize=653%2C592&#038;ssl=1\" alt=\"\" class=\"wp-image-757\" srcset=\"https:\/\/i0.wp.com\/bookgame.me\/blog\/wp-content\/uploads\/2020\/01\/Captura-6.png?w=653&amp;ssl=1 653w, https:\/\/i0.wp.com\/bookgame.me\/blog\/wp-content\/uploads\/2020\/01\/Captura-6.png?resize=300%2C272&amp;ssl=1 300w\" sizes=\"(max-width: 653px) 100vw, 653px\" data-recalc-dims=\"1\" \/><figcaption>Diagrama de escritura de un cap\u00edtulo<\/figcaption><\/figure>\n\n\n\n<p>Como pod\u00e9is ver, no es un lienzo blanco estilo Word donde empiezas a escribir. Es un diagrama. \u00bfPor qu\u00e9? Porque en la literatura interactiva el relato no es lineal. Por tanto, la siguiente p\u00e1gina no tiene por qu\u00e9 ser la misma siempre. Es por ello que partimos de un diagrama, un diagrama donde los nodos (en la imagen superior el nodo principal azul) son las p\u00e1ginas. Mientras que los enlaces entre las p\u00e1ginas son las diferentes opciones que tendr\u00e1 el lector para escoger por donde seguir en el relato. Si quer\u00e9is, en el minuto 4 de este v\u00eddeo se explica como funciona el diagrama.<\/p>\n\n\n\n<figure class=\"wp-block-embed-youtube wp-block-embed is-type-video is-provider-youtube wp-embed-aspect-16-9 wp-has-aspect-ratio\"><div class=\"wp-block-embed__wrapper\">\n<span class=\"embed-youtube\" style=\"text-align:center; display: block;\"><iframe loading=\"lazy\" class=\"youtube-player\" width=\"640\" height=\"360\" src=\"https:\/\/www.youtube.com\/embed\/QF14G5mM9lM?version=3&#038;rel=1&#038;showsearch=0&#038;showinfo=1&#038;iv_load_policy=1&#038;fs=1&#038;hl=es-ES&#038;autohide=2&#038;start=247&#038;wmode=transparent\" allowfullscreen=\"true\" style=\"border:0;\" sandbox=\"allow-scripts allow-same-origin allow-popups allow-presentation\"><\/iframe><\/span>\n<\/div><figcaption>Explicaci\u00f3n del diagrama<\/figcaption><\/figure>\n\n\n\n<p>Un ejemplo sencillo del diagrama del cap\u00edtulo de un cuento sencillo ser\u00eda por ejemplo el del librojuego Caperucita Roja:<\/p>\n\n\n\n<figure class=\"wp-block-image\"><img data-attachment-id=\"759\" data-permalink=\"https:\/\/bookgame.me\/blog\/tutorial\/primeros-pasos\/diagrama-de-escritura\/captura-7-2\/\" data-orig-file=\"https:\/\/i0.wp.com\/bookgame.me\/blog\/wp-content\/uploads\/2020\/01\/Captura-7.png?fit=612%2C503&amp;ssl=1\" data-orig-size=\"612,503\" data-comments-opened=\"1\" data-image-meta=\"{&quot;aperture&quot;:&quot;0&quot;,&quot;credit&quot;:&quot;&quot;,&quot;camera&quot;:&quot;&quot;,&quot;caption&quot;:&quot;&quot;,&quot;created_timestamp&quot;:&quot;0&quot;,&quot;copyright&quot;:&quot;&quot;,&quot;focal_length&quot;:&quot;0&quot;,&quot;iso&quot;:&quot;0&quot;,&quot;shutter_speed&quot;:&quot;0&quot;,&quot;title&quot;:&quot;&quot;,&quot;orientation&quot;:&quot;0&quot;}\" data-image-title=\"Captura-7\" data-image-description=\"\" data-image-caption=\"\" data-medium-file=\"https:\/\/i0.wp.com\/bookgame.me\/blog\/wp-content\/uploads\/2020\/01\/Captura-7.png?fit=300%2C247&amp;ssl=1\" data-large-file=\"https:\/\/i0.wp.com\/bookgame.me\/blog\/wp-content\/uploads\/2020\/01\/Captura-7.png?fit=612%2C503&amp;ssl=1\" loading=\"lazy\" width=\"612\" height=\"503\" src=\"https:\/\/i0.wp.com\/bookgame.me\/blog\/wp-content\/uploads\/2020\/01\/Captura-7.png?resize=612%2C503&#038;ssl=1\" alt=\"\" class=\"wp-image-759\" srcset=\"https:\/\/i0.wp.com\/bookgame.me\/blog\/wp-content\/uploads\/2020\/01\/Captura-7.png?w=612&amp;ssl=1 612w, https:\/\/i0.wp.com\/bookgame.me\/blog\/wp-content\/uploads\/2020\/01\/Captura-7.png?resize=300%2C247&amp;ssl=1 300w\" sizes=\"(max-width: 612px) 100vw, 612px\" data-recalc-dims=\"1\" \/><figcaption>Diagrama del cap\u00edtulo 2 de Caperucita Roja<\/figcaption><\/figure>\n\n\n\n<p>Como pod\u00e9is ver, aparecen varios nodos conectados entre s\u00ed por unas l\u00edneas. El nodo azul es el nodo inicial del cap\u00edtulo. Es decir, cuando el lector empiece a leer este cap\u00edtulo aparecer\u00e1 en la p\u00e1gina <em>Inicio<\/em>. A continuaci\u00f3n pod\u00e9is ver que tendr\u00e1 dos posibilidades de elecci\u00f3n al final de la p\u00e1gina:<\/p>\n\n\n\n<ol><li><em>Ir por dentro del r\u00edo<\/em>, que le llevar\u00e1 a la p\u00e1gina <em>El aullido<\/em>.<\/li><li><em>Pasar por el puente<\/em>, que le llevar\u00e1 a <em>Muerte<\/em>.<\/li><\/ol>\n\n\n\n<p>La p\u00e1gina Muerte aparece de color rojo ya que es una p\u00e1gina donde el personaje del librojuego muere, y por tanto, debe volver a empezar.<\/p>\n\n\n\n<p>Los nodos son elemento que se pueden pulsar y arrastrar por el diagrama. Cuando pulsas una vez encima de ellos, se quedan seleccionados, y aparece un cuadrado con un + arriba a la derecha del nodo:<\/p>\n\n\n\n<figure class=\"wp-block-image\"><img data-attachment-id=\"761\" data-permalink=\"https:\/\/bookgame.me\/blog\/tutorial\/primeros-pasos\/diagrama-de-escritura\/captura-8-2\/\" data-orig-file=\"https:\/\/i0.wp.com\/bookgame.me\/blog\/wp-content\/uploads\/2020\/01\/Captura-8.png?fit=524%2C268&amp;ssl=1\" data-orig-size=\"524,268\" data-comments-opened=\"1\" data-image-meta=\"{&quot;aperture&quot;:&quot;0&quot;,&quot;credit&quot;:&quot;&quot;,&quot;camera&quot;:&quot;&quot;,&quot;caption&quot;:&quot;&quot;,&quot;created_timestamp&quot;:&quot;0&quot;,&quot;copyright&quot;:&quot;&quot;,&quot;focal_length&quot;:&quot;0&quot;,&quot;iso&quot;:&quot;0&quot;,&quot;shutter_speed&quot;:&quot;0&quot;,&quot;title&quot;:&quot;&quot;,&quot;orientation&quot;:&quot;0&quot;}\" data-image-title=\"Captura-8\" data-image-description=\"\" data-image-caption=\"\" data-medium-file=\"https:\/\/i0.wp.com\/bookgame.me\/blog\/wp-content\/uploads\/2020\/01\/Captura-8.png?fit=300%2C153&amp;ssl=1\" data-large-file=\"https:\/\/i0.wp.com\/bookgame.me\/blog\/wp-content\/uploads\/2020\/01\/Captura-8.png?fit=524%2C268&amp;ssl=1\" loading=\"lazy\" width=\"524\" height=\"268\" src=\"https:\/\/i0.wp.com\/bookgame.me\/blog\/wp-content\/uploads\/2020\/01\/Captura-8.png?resize=524%2C268&#038;ssl=1\" alt=\"\" class=\"wp-image-761\" srcset=\"https:\/\/i0.wp.com\/bookgame.me\/blog\/wp-content\/uploads\/2020\/01\/Captura-8.png?w=524&amp;ssl=1 524w, https:\/\/i0.wp.com\/bookgame.me\/blog\/wp-content\/uploads\/2020\/01\/Captura-8.png?resize=300%2C153&amp;ssl=1 300w\" sizes=\"(max-width: 524px) 100vw, 524px\" data-recalc-dims=\"1\" \/><\/figure>\n\n\n\n<p>Si puls\u00e1is encima del cuadrado, crear\u00e9is un nodo conectado con este:<\/p>\n\n\n\n<figure class=\"wp-block-image\"><img data-attachment-id=\"763\" data-permalink=\"https:\/\/bookgame.me\/blog\/tutorial\/primeros-pasos\/diagrama-de-escritura\/captura-9-2\/\" data-orig-file=\"https:\/\/i0.wp.com\/bookgame.me\/blog\/wp-content\/uploads\/2020\/01\/Captura-9.png?fit=587%2C241&amp;ssl=1\" data-orig-size=\"587,241\" data-comments-opened=\"1\" data-image-meta=\"{&quot;aperture&quot;:&quot;0&quot;,&quot;credit&quot;:&quot;&quot;,&quot;camera&quot;:&quot;&quot;,&quot;caption&quot;:&quot;&quot;,&quot;created_timestamp&quot;:&quot;0&quot;,&quot;copyright&quot;:&quot;&quot;,&quot;focal_length&quot;:&quot;0&quot;,&quot;iso&quot;:&quot;0&quot;,&quot;shutter_speed&quot;:&quot;0&quot;,&quot;title&quot;:&quot;&quot;,&quot;orientation&quot;:&quot;0&quot;}\" data-image-title=\"Captura-9\" data-image-description=\"\" data-image-caption=\"\" data-medium-file=\"https:\/\/i0.wp.com\/bookgame.me\/blog\/wp-content\/uploads\/2020\/01\/Captura-9.png?fit=300%2C123&amp;ssl=1\" data-large-file=\"https:\/\/i0.wp.com\/bookgame.me\/blog\/wp-content\/uploads\/2020\/01\/Captura-9.png?fit=587%2C241&amp;ssl=1\" loading=\"lazy\" width=\"587\" height=\"241\" src=\"https:\/\/i0.wp.com\/bookgame.me\/blog\/wp-content\/uploads\/2020\/01\/Captura-9.png?resize=587%2C241&#038;ssl=1\" alt=\"\" class=\"wp-image-763\" srcset=\"https:\/\/i0.wp.com\/bookgame.me\/blog\/wp-content\/uploads\/2020\/01\/Captura-9.png?w=587&amp;ssl=1 587w, https:\/\/i0.wp.com\/bookgame.me\/blog\/wp-content\/uploads\/2020\/01\/Captura-9.png?resize=300%2C123&amp;ssl=1 300w\" sizes=\"(max-width: 587px) 100vw, 587px\" data-recalc-dims=\"1\" \/><\/figure>\n\n\n\n<p>Este nodo ser\u00e1 una nueva opci\u00f3n para ir al final de la p\u00e1gina.<\/p>\n\n\n\n<p>El t\u00edtulo, y contenido de cada p\u00e1gina se puede editar pulsando dos veces seguidas encima de cualquiera de los nodos. Por ejemplo, si pulsamos encima de El aullido se nos abrir\u00e1 la ventana siguiente:<\/p>\n\n\n\n<figure class=\"wp-block-image\"><img data-attachment-id=\"765\" data-permalink=\"https:\/\/bookgame.me\/blog\/tutorial\/primeros-pasos\/diagrama-de-escritura\/captura-10-2\/\" data-orig-file=\"https:\/\/i0.wp.com\/bookgame.me\/blog\/wp-content\/uploads\/2020\/01\/Captura-10.png?fit=914%2C694&amp;ssl=1\" data-orig-size=\"914,694\" data-comments-opened=\"1\" data-image-meta=\"{&quot;aperture&quot;:&quot;0&quot;,&quot;credit&quot;:&quot;&quot;,&quot;camera&quot;:&quot;&quot;,&quot;caption&quot;:&quot;&quot;,&quot;created_timestamp&quot;:&quot;0&quot;,&quot;copyright&quot;:&quot;&quot;,&quot;focal_length&quot;:&quot;0&quot;,&quot;iso&quot;:&quot;0&quot;,&quot;shutter_speed&quot;:&quot;0&quot;,&quot;title&quot;:&quot;&quot;,&quot;orientation&quot;:&quot;0&quot;}\" data-image-title=\"Captura-10\" data-image-description=\"\" data-image-caption=\"\" data-medium-file=\"https:\/\/i0.wp.com\/bookgame.me\/blog\/wp-content\/uploads\/2020\/01\/Captura-10.png?fit=300%2C228&amp;ssl=1\" data-large-file=\"https:\/\/i0.wp.com\/bookgame.me\/blog\/wp-content\/uploads\/2020\/01\/Captura-10.png?fit=914%2C694&amp;ssl=1\" loading=\"lazy\" width=\"914\" height=\"694\" src=\"https:\/\/i0.wp.com\/bookgame.me\/blog\/wp-content\/uploads\/2020\/01\/Captura-10.png?resize=914%2C694&#038;ssl=1\" alt=\"\" class=\"wp-image-765\" srcset=\"https:\/\/i0.wp.com\/bookgame.me\/blog\/wp-content\/uploads\/2020\/01\/Captura-10.png?w=914&amp;ssl=1 914w, https:\/\/i0.wp.com\/bookgame.me\/blog\/wp-content\/uploads\/2020\/01\/Captura-10.png?resize=300%2C228&amp;ssl=1 300w, https:\/\/i0.wp.com\/bookgame.me\/blog\/wp-content\/uploads\/2020\/01\/Captura-10.png?resize=768%2C583&amp;ssl=1 768w\" sizes=\"(max-width: 914px) 100vw, 914px\" data-recalc-dims=\"1\" \/><\/figure>\n\n\n\n<p>Como pod\u00e9is ver nos aparece el t\u00edtulo de la p\u00e1gina y el contenido de la p\u00e1gina para poder editar.<\/p>\n\n\n\n<p>Junto a esto aparecen muchas m\u00e1s opciones. Si al crear el librojuego has escogido que sea una aventura RPG, aparecer\u00e1n todas las opciones, si no, aparecer\u00e1n muchas menos. Puedes ver una <a rel=\"noreferrer noopener\" aria-label=\"explicaci\u00f3n de todas las opciones que aparecen en el siguiente tutorial (opens in a new tab)\" href=\"https:\/\/bookgame.me\/blog\/tutorial\/opciones-de-las-paginas\/\" target=\"_blank\">explicaci\u00f3n de todas las opciones que aparecen en el siguiente tutorial<\/a>.<\/p>\n\n\n\n<p>Adem\u00e1s de las p\u00e1ginas, tambi\u00e9n puedes editar el texto que le aparecer\u00e1 al lector para pasar a la siguiente p\u00e1gina. Para ello debes pulsar dos veces seguidas en cualquiera de los enlaces que conectan los nodos. Te aparecer\u00e1 la siguiente ventana:<\/p>\n\n\n\n<figure class=\"wp-block-image\"><img data-attachment-id=\"773\" data-permalink=\"https:\/\/bookgame.me\/blog\/tutorial\/primeros-pasos\/diagrama-de-escritura\/captura-11-2\/\" data-orig-file=\"https:\/\/i0.wp.com\/bookgame.me\/blog\/wp-content\/uploads\/2020\/01\/Captura-11.png?fit=918%2C266&amp;ssl=1\" data-orig-size=\"918,266\" data-comments-opened=\"1\" data-image-meta=\"{&quot;aperture&quot;:&quot;0&quot;,&quot;credit&quot;:&quot;&quot;,&quot;camera&quot;:&quot;&quot;,&quot;caption&quot;:&quot;&quot;,&quot;created_timestamp&quot;:&quot;0&quot;,&quot;copyright&quot;:&quot;&quot;,&quot;focal_length&quot;:&quot;0&quot;,&quot;iso&quot;:&quot;0&quot;,&quot;shutter_speed&quot;:&quot;0&quot;,&quot;title&quot;:&quot;&quot;,&quot;orientation&quot;:&quot;0&quot;}\" data-image-title=\"Captura-11\" data-image-description=\"\" data-image-caption=\"\" data-medium-file=\"https:\/\/i0.wp.com\/bookgame.me\/blog\/wp-content\/uploads\/2020\/01\/Captura-11.png?fit=300%2C87&amp;ssl=1\" data-large-file=\"https:\/\/i0.wp.com\/bookgame.me\/blog\/wp-content\/uploads\/2020\/01\/Captura-11.png?fit=918%2C266&amp;ssl=1\" loading=\"lazy\" width=\"918\" height=\"266\" src=\"https:\/\/i0.wp.com\/bookgame.me\/blog\/wp-content\/uploads\/2020\/01\/Captura-11.png?resize=918%2C266&#038;ssl=1\" alt=\"\" class=\"wp-image-773\" srcset=\"https:\/\/i0.wp.com\/bookgame.me\/blog\/wp-content\/uploads\/2020\/01\/Captura-11.png?w=918&amp;ssl=1 918w, https:\/\/i0.wp.com\/bookgame.me\/blog\/wp-content\/uploads\/2020\/01\/Captura-11.png?resize=300%2C87&amp;ssl=1 300w, https:\/\/i0.wp.com\/bookgame.me\/blog\/wp-content\/uploads\/2020\/01\/Captura-11.png?resize=768%2C223&amp;ssl=1 768w\" sizes=\"(max-width: 918px) 100vw, 918px\" data-recalc-dims=\"1\" \/><\/figure>\n\n\n\n<p>Puedes modificar el T\u00edtulo del enlace y guardar a continuaci\u00f3n. Ver\u00e1s que ya se modifica en el diagrama.<\/p>\n\n\n\n<p>En el caso de librojuegos que sean del tipo Aventura RPG, en esta ventana aparecer\u00e1n muchas m\u00e1s opciones. Si no has escogido un Aventura RPG, las opciones son mucho m\u00e1s limitadas.<\/p>\n\n\n\n<p>En ocasiones, vas a querer conectar un nodo con otro a trav\u00e9s de un enlace. Hacerlo con el diagrama es muy sencillo. Tan s\u00f3lo debes hacer lo siguiente:<\/p>\n\n\n\n<ol><li>Selecciona el nodo desde el que quieres hacer un enlace.<\/li><li>Pulsa en el borde de ese nodo y arrastra el mouse hasta el nodo de destino.<\/li><\/ol>\n\n\n\n<figure class=\"wp-block-image\"><img data-attachment-id=\"775\" data-permalink=\"https:\/\/bookgame.me\/blog\/tutorial\/primeros-pasos\/diagrama-de-escritura\/sin-titulo\/\" data-orig-file=\"https:\/\/i0.wp.com\/bookgame.me\/blog\/wp-content\/uploads\/2020\/01\/Sin-t\u00edtulo.jpg?fit=1014%2C319&amp;ssl=1\" data-orig-size=\"1014,319\" data-comments-opened=\"1\" data-image-meta=\"{&quot;aperture&quot;:&quot;0&quot;,&quot;credit&quot;:&quot;&quot;,&quot;camera&quot;:&quot;&quot;,&quot;caption&quot;:&quot;&quot;,&quot;created_timestamp&quot;:&quot;0&quot;,&quot;copyright&quot;:&quot;&quot;,&quot;focal_length&quot;:&quot;0&quot;,&quot;iso&quot;:&quot;0&quot;,&quot;shutter_speed&quot;:&quot;0&quot;,&quot;title&quot;:&quot;&quot;,&quot;orientation&quot;:&quot;0&quot;}\" data-image-title=\"Sin-t\u00edtulo\" data-image-description=\"\" data-image-caption=\"\" data-medium-file=\"https:\/\/i0.wp.com\/bookgame.me\/blog\/wp-content\/uploads\/2020\/01\/Sin-t\u00edtulo.jpg?fit=300%2C94&amp;ssl=1\" data-large-file=\"https:\/\/i0.wp.com\/bookgame.me\/blog\/wp-content\/uploads\/2020\/01\/Sin-t\u00edtulo.jpg?fit=1014%2C319&amp;ssl=1\" loading=\"lazy\" width=\"1014\" height=\"319\" src=\"https:\/\/i0.wp.com\/bookgame.me\/blog\/wp-content\/uploads\/2020\/01\/Sin-t\u00edtulo.jpg?resize=1014%2C319&#038;ssl=1\" alt=\"\" class=\"wp-image-775\" srcset=\"https:\/\/i0.wp.com\/bookgame.me\/blog\/wp-content\/uploads\/2020\/01\/Sin-t\u00edtulo.jpg?w=1014&amp;ssl=1 1014w, https:\/\/i0.wp.com\/bookgame.me\/blog\/wp-content\/uploads\/2020\/01\/Sin-t\u00edtulo.jpg?resize=300%2C94&amp;ssl=1 300w, https:\/\/i0.wp.com\/bookgame.me\/blog\/wp-content\/uploads\/2020\/01\/Sin-t\u00edtulo.jpg?resize=768%2C242&amp;ssl=1 768w\" sizes=\"(max-width: 1000px) 100vw, 1000px\" data-recalc-dims=\"1\" \/><\/figure>\n\n\n\n<p>Para eliminar nodos y enlaces, tan s\u00f3lo tienes que seleccionarlos y pulsar la tecla suprimir. Si te conectas desde un dispositivo m\u00f3vil, si pulsas de forma continuada, ver\u00e1s que aparecen algunas opciones. Una de ellas es <em>Delete<\/em>. Pulsando esa opci\u00f3n, podr\u00e1s eliminar el nodo.<\/p>\n\n\n\n<figure class=\"wp-block-image\"><img data-attachment-id=\"777\" data-permalink=\"https:\/\/bookgame.me\/blog\/tutorial\/primeros-pasos\/diagrama-de-escritura\/whatsapp-image-2020-01-30-at-10-29-33\/\" data-orig-file=\"https:\/\/i0.wp.com\/bookgame.me\/blog\/wp-content\/uploads\/2020\/01\/WhatsApp-Image-2020-01-30-at-10.29.33.jpeg?fit=757%2C1600&amp;ssl=1\" data-orig-size=\"757,1600\" data-comments-opened=\"1\" data-image-meta=\"{&quot;aperture&quot;:&quot;0&quot;,&quot;credit&quot;:&quot;&quot;,&quot;camera&quot;:&quot;&quot;,&quot;caption&quot;:&quot;&quot;,&quot;created_timestamp&quot;:&quot;0&quot;,&quot;copyright&quot;:&quot;&quot;,&quot;focal_length&quot;:&quot;0&quot;,&quot;iso&quot;:&quot;0&quot;,&quot;shutter_speed&quot;:&quot;0&quot;,&quot;title&quot;:&quot;&quot;,&quot;orientation&quot;:&quot;0&quot;}\" data-image-title=\"WhatsApp-Image-2020-01-30-at-10.29.33\" data-image-description=\"\" data-image-caption=\"\" data-medium-file=\"https:\/\/i0.wp.com\/bookgame.me\/blog\/wp-content\/uploads\/2020\/01\/WhatsApp-Image-2020-01-30-at-10.29.33.jpeg?fit=142%2C300&amp;ssl=1\" data-large-file=\"https:\/\/i0.wp.com\/bookgame.me\/blog\/wp-content\/uploads\/2020\/01\/WhatsApp-Image-2020-01-30-at-10.29.33.jpeg?fit=484%2C1024&amp;ssl=1\" loading=\"lazy\" width=\"757\" height=\"1600\" src=\"https:\/\/i1.wp.com\/bookgame.me\/blog\/wp-content\/uploads\/2020\/01\/WhatsApp-Image-2020-01-30-at-10.29.33.jpeg?fit=484%2C1024&amp;ssl=1\" alt=\"\" class=\"wp-image-777\" srcset=\"https:\/\/i0.wp.com\/bookgame.me\/blog\/wp-content\/uploads\/2020\/01\/WhatsApp-Image-2020-01-30-at-10.29.33.jpeg?w=757&amp;ssl=1 757w, https:\/\/i0.wp.com\/bookgame.me\/blog\/wp-content\/uploads\/2020\/01\/WhatsApp-Image-2020-01-30-at-10.29.33.jpeg?resize=142%2C300&amp;ssl=1 142w, https:\/\/i0.wp.com\/bookgame.me\/blog\/wp-content\/uploads\/2020\/01\/WhatsApp-Image-2020-01-30-at-10.29.33.jpeg?resize=484%2C1024&amp;ssl=1 484w\" sizes=\"(max-width: 757px) 100vw, 757px\" \/><\/figure>\n\n\n\n<p>Con estas opciones ya est\u00e1s preparado para escribir tu librojuego interactivo. Hay muchas m\u00e1s opciones que no hemos explicado para no alargar la introducci\u00f3n demasiado. Estamos haciendo un repaso r\u00e1pido para que seas capaz de crear un librojuego b\u00e1sico que poco a poco se ir\u00e1 complicando a medida que vayas configurando muevas opciones.<\/p>\n\n\n\n<hr class=\"wp-block-separator\"\/>\n\n\n\n<div class=\"wp-block-columns has-2-columns\">\n<div class=\"wp-block-column\">\n<p><a href=\"https:\/\/bookgame.me\/blog\/tutorial\/primeros-pasos\/crear-un-capitulo\/\">Volver a Crear un cap\u00edtulo<\/a><\/p>\n<\/div>\n\n\n\n<div class=\"wp-block-column\">\n<p><a href=\"https:\/\/bookgame.me\/blog\/tutorial\/primeros-pasos\/conexion-entre-capitulos-y-finales-de-exito-y-de-muerte\/\">Ir a Conexi\u00f3n entre cap\u00edtulos, y finales de \u00e9xito y de muerte<\/a><\/p>\n<\/div>\n<\/div>\n","protected":false},"excerpt":{"rendered":"<p>El diagrama de escritura es el lo que te encuentras al empezar a escribir un cap\u00edtulo. Tiene este aspecto: Como pod\u00e9is ver, no es un lienzo blanco estilo Word donde empiezas a escribir. Es un diagrama. \u00bfPor qu\u00e9? Porque en la literatura interactiva el relato no es lineal. Por tanto, la siguiente p\u00e1gina no tiene [&hellip;]<\/p>\n","protected":false},"author":1,"featured_media":0,"parent":736,"menu_order":4,"comment_status":"closed","ping_status":"closed","template":"template-tutorial.php","meta":{"spay_email":""},"jetpack_sharing_enabled":true,"jetpack_shortlink":"https:\/\/wp.me\/P9L3hO-cc","jetpack-related-posts":[{"id":716,"url":"https:\/\/bookgame.me\/blog\/tutorial\/primeros-pasos\/crear-un-capitulo\/","url_meta":{"origin":756,"position":0},"title":"Crear un cap\u00edtulo","date":"29 enero, 2020","format":false,"excerpt":"Una vez hab\u00e9is creado un librojuego, podr\u00e9is pulsar en el bot\u00f3n Escribir y acceder a la secci\u00f3n de la lista de cap\u00edtulos. Como todav\u00eda no hab\u00e9is creado ninguno, en la lista no aparecer\u00e1 ninguno. Lista de cap\u00edtulos vac\u00eda Ver\u00e9is que aparece un bot\u00f3n llamado Nuevo cap\u00edtulo. Si lo puls\u00e1is, os\u2026","rel":"","context":"Entrada similar","img":{"alt_text":"","src":"https:\/\/i0.wp.com\/bookgame.me\/blog\/wp-content\/uploads\/2020\/01\/Captura-4.png?resize=350%2C200&ssl=1","width":350,"height":200},"classes":[]},{"id":699,"url":"https:\/\/bookgame.me\/blog\/tutorial\/primeros-pasos\/registro\/","url_meta":{"origin":756,"position":1},"title":"Registro","date":"28 enero, 2020","format":false,"excerpt":"Para poder empezar a crear un librojuego lo primero de todo que debes hacer es registrarte en bookgame.me. Para ello debes ir a la p\u00e1gina de registro: Formulario de registro Ver\u00e1s que se te piden s\u00f3lo unos datos b\u00e1sicos: Nombre: No tiene por qu\u00e9 ser tu nombre real. Puede ser\u2026","rel":"","context":"Entrada similar","img":{"alt_text":"","src":"https:\/\/i0.wp.com\/bookgame.me\/blog\/wp-content\/uploads\/2020\/01\/Captura.png?resize=350%2C200&ssl=1","width":350,"height":200},"classes":[]},{"id":692,"url":"https:\/\/bookgame.me\/blog\/tutorial\/introduccion\/","url_meta":{"origin":756,"position":2},"title":"Introducci\u00f3n","date":"28 enero, 2020","format":false,"excerpt":"\u00bfQu\u00e9 es bookgame? Bookgame es una aplicaci\u00f3n web que te permite crear librojuegos interactivos de rol. Vamos a analizar cada una de las palabras. Librojuego: un librojuego es un libro y un juego a la vez. Libro porque sobre todo se lee, y juego ya que se pone en juego\u2026","rel":"","context":"Entrada similar","img":{"alt_text":"","src":"","width":0,"height":0},"classes":[]},{"id":780,"url":"https:\/\/bookgame.me\/blog\/tutorial\/primeros-pasos\/conexion-entre-capitulos-y-finales-de-exito-y-de-muerte\/","url_meta":{"origin":756,"position":3},"title":"Conexi\u00f3n entre cap\u00edtulos, y finales de \u00e9xito y de muerte","date":"30 enero, 2020","format":false,"excerpt":"En un librojuego siempre debes existir dos tipos de finales: Final de \u00e9xito. Es decir, el final positivo del librojuego en s\u00ed. Donde el personaje haya cumplido la misi\u00f3n encomendada.Final de muerte. Es decir, un final donde el personaje a fracasado. En los diagramas de cada cap\u00edtulo queda muy claro\u2026","rel":"","context":"Entrada similar","img":{"alt_text":"","src":"https:\/\/i0.wp.com\/bookgame.me\/blog\/wp-content\/uploads\/2020\/01\/Captura-12.png?resize=350%2C200&ssl=1","width":350,"height":200},"classes":[]},{"id":708,"url":"https:\/\/bookgame.me\/blog\/tutorial\/primeros-pasos\/crear-un-librojuego\/","url_meta":{"origin":756,"position":4},"title":"Crear un librojuego","date":"29 enero, 2020","format":false,"excerpt":"Para crear un nuevo librojuego hay que entrar en el panel principal de tu cuenta de usuario y pulsar en Nuevo librojuego. Llegar\u00e1s al formulario de creaci\u00f3n del librojuego donde se te piden los siguientes datos: T\u00edtulo: el t\u00edtulo de tu librojuego.Resumen del librojuego: el resumen del librojuego.Idioma: debes seleccionar\u2026","rel":"","context":"Entrada similar","img":{"alt_text":"","src":"https:\/\/i0.wp.com\/bookgame.me\/blog\/wp-content\/uploads\/2020\/01\/Captura-3.png?resize=350%2C200&ssl=1","width":350,"height":200},"classes":[]},{"id":832,"url":"https:\/\/bookgame.me\/blog\/contenidos-en-bookgame-me\/","url_meta":{"origin":756,"position":5},"title":"Contenidos en bookgame.me","date":"21 abril, 2020","format":false,"excerpt":"En bookgame est\u00e1 prohibido contenido que resulte hiriente, intimidatorio, pornogr\u00e1fico, que incite a la violencia o que contenga desnudos o violencia gr\u00e1fica o injustificada. Tampoco contenidos que fomenten el odio o discriminaci\u00f3n por raza, etnia, nacionalidad, religi\u00f3n, orientaci\u00f3n sexual, discapacidad o enfermedad grave. A nivel general, queremos que bookgame.me sea\u2026","rel":"","context":"Entrada similar","img":{"alt_text":"","src":"https:\/\/i0.wp.com\/bookgame.me\/blog\/wp-content\/uploads\/2020\/04\/Captura-6.png?resize=350%2C200&ssl=1","width":350,"height":200},"classes":[]}],"jetpack_likes_enabled":false,"_links":{"self":[{"href":"https:\/\/bookgame.me\/blog\/wp-json\/wp\/v2\/pages\/756"}],"collection":[{"href":"https:\/\/bookgame.me\/blog\/wp-json\/wp\/v2\/pages"}],"about":[{"href":"https:\/\/bookgame.me\/blog\/wp-json\/wp\/v2\/types\/page"}],"author":[{"embeddable":true,"href":"https:\/\/bookgame.me\/blog\/wp-json\/wp\/v2\/users\/1"}],"replies":[{"embeddable":true,"href":"https:\/\/bookgame.me\/blog\/wp-json\/wp\/v2\/comments?post=756"}],"version-history":[{"count":4,"href":"https:\/\/bookgame.me\/blog\/wp-json\/wp\/v2\/pages\/756\/revisions"}],"predecessor-version":[{"id":786,"href":"https:\/\/bookgame.me\/blog\/wp-json\/wp\/v2\/pages\/756\/revisions\/786"}],"up":[{"embeddable":true,"href":"https:\/\/bookgame.me\/blog\/wp-json\/wp\/v2\/pages\/736"}],"wp:attachment":[{"href":"https:\/\/bookgame.me\/blog\/wp-json\/wp\/v2\/media?parent=756"}],"curies":[{"name":"wp","href":"https:\/\/api.w.org\/{rel}","templated":true}]}}