{"id":771,"date":"2020-01-30T09:19:30","date_gmt":"2020-01-30T09:19:30","guid":{"rendered":"https:\/\/bookgame.me\/blog\/?page_id=771"},"modified":"2020-01-30T09:19:31","modified_gmt":"2020-01-30T09:19:31","slug":"opciones-de-las-paginas","status":"publish","type":"page","link":"https:\/\/bookgame.me\/blog\/tutorial\/opciones-de-las-paginas\/","title":{"rendered":"Opciones de las p\u00e1ginas"},"content":{"rendered":"\n<p>\n\nEsta p\u00e1gina est\u00e1 en proceso de creaci\u00f3n.\n\n<\/p>\n","protected":false},"excerpt":{"rendered":"<p>Esta p\u00e1gina est\u00e1 en proceso de creaci\u00f3n.<\/p>\n","protected":false},"author":1,"featured_media":0,"parent":690,"menu_order":99,"comment_status":"closed","ping_status":"closed","template":"template-tutorial.php","meta":{"spay_email":""},"jetpack_sharing_enabled":true,"jetpack_shortlink":"https:\/\/wp.me\/P9L3hO-cr","jetpack-related-posts":[{"id":730,"url":"https:\/\/bookgame.me\/blog\/tutorial\/opciones-de-los-librojuegos\/","url_meta":{"origin":771,"position":0},"title":"Opciones de los librojuegos","date":"29 enero, 2020","format":false,"excerpt":"Esta p\u00e1gina est\u00e1 en proceso de creaci\u00f3n.","rel":"","context":"Entrada similar","img":{"alt_text":"","src":"","width":0,"height":0},"classes":[]},{"id":751,"url":"https:\/\/bookgame.me\/blog\/tutorial\/opciones-de-los-capitulos\/","url_meta":{"origin":771,"position":1},"title":"Opciones de los cap\u00edtulos","date":"30 enero, 2020","format":false,"excerpt":"Esta p\u00e1gina est\u00e1 en proceso de creaci\u00f3n.","rel":"","context":"Entrada similar","img":{"alt_text":"","src":"","width":0,"height":0},"classes":[]},{"id":780,"url":"https:\/\/bookgame.me\/blog\/tutorial\/primeros-pasos\/conexion-entre-capitulos-y-finales-de-exito-y-de-muerte\/","url_meta":{"origin":771,"position":2},"title":"Conexi\u00f3n entre cap\u00edtulos, y finales de \u00e9xito y de muerte","date":"30 enero, 2020","format":false,"excerpt":"En un librojuego siempre debes existir dos tipos de finales: Final de \u00e9xito. Es decir, el final positivo del librojuego en s\u00ed. Donde el personaje haya cumplido la misi\u00f3n encomendada.Final de muerte. Es decir, un final donde el personaje a fracasado. En los diagramas de cada cap\u00edtulo queda muy claro\u2026","rel":"","context":"Entrada similar","img":{"alt_text":"","src":"https:\/\/i0.wp.com\/bookgame.me\/blog\/wp-content\/uploads\/2020\/01\/Captura-12.png?resize=350%2C200&ssl=1","width":350,"height":200},"classes":[]},{"id":727,"url":"https:\/\/bookgame.me\/blog\/tutorial\/creacion-de-apps-de-librojuegos-para-dispositivos-android\/","url_meta":{"origin":771,"position":3},"title":"Creaci\u00f3n de apps de librojuegos para dispositivos Android","date":"29 enero, 2020","format":false,"excerpt":"Esta p\u00e1gina est\u00e1 en proceso de creaci\u00f3n.","rel":"","context":"Entrada similar","img":{"alt_text":"","src":"","width":0,"height":0},"classes":[]},{"id":732,"url":"https:\/\/bookgame.me\/blog\/tutorial\/seccion-de-mensajes-de-bookgame\/","url_meta":{"origin":771,"position":4},"title":"Secci\u00f3n de mensajes de bookgame","date":"29 enero, 2020","format":false,"excerpt":"Esta p\u00e1gina est\u00e1 en proceso de creaci\u00f3n.","rel":"","context":"Entrada similar","img":{"alt_text":"","src":"","width":0,"height":0},"classes":[]},{"id":754,"url":"https:\/\/bookgame.me\/blog\/tutorial\/los-backups\/","url_meta":{"origin":771,"position":5},"title":"Los backups","date":"30 enero, 2020","format":false,"excerpt":"Esta p\u00e1gina est\u00e1 en proceso de creaci\u00f3n.","rel":"","context":"Entrada similar","img":{"alt_text":"","src":"","width":0,"height":0},"classes":[]}],"jetpack_likes_enabled":false,"_links":{"self":[{"href":"https:\/\/bookgame.me\/blog\/wp-json\/wp\/v2\/pages\/771"}],"collection":[{"href":"https:\/\/bookgame.me\/blog\/wp-json\/wp\/v2\/pages"}],"about":[{"href":"https:\/\/bookgame.me\/blog\/wp-json\/wp\/v2\/types\/page"}],"author":[{"embeddable":true,"href":"https:\/\/bookgame.me\/blog\/wp-json\/wp\/v2\/users\/1"}],"replies":[{"embeddable":true,"href":"https:\/\/bookgame.me\/blog\/wp-json\/wp\/v2\/comments?post=771"}],"version-history":[{"count":1,"href":"https:\/\/bookgame.me\/blog\/wp-json\/wp\/v2\/pages\/771\/revisions"}],"predecessor-version":[{"id":772,"href":"https:\/\/bookgame.me\/blog\/wp-json\/wp\/v2\/pages\/771\/revisions\/772"}],"up":[{"embeddable":true,"href":"https:\/\/bookgame.me\/blog\/wp-json\/wp\/v2\/pages\/690"}],"wp:attachment":[{"href":"https:\/\/bookgame.me\/blog\/wp-json\/wp\/v2\/media?parent=771"}],"curies":[{"name":"wp","href":"https:\/\/api.w.org\/{rel}","templated":true}]}}