{"id":780,"date":"2020-01-30T09:46:43","date_gmt":"2020-01-30T09:46:43","guid":{"rendered":"https:\/\/bookgame.me\/blog\/?page_id=780"},"modified":"2020-01-30T18:26:29","modified_gmt":"2020-01-30T18:26:29","slug":"conexion-entre-capitulos-y-finales-de-exito-y-de-muerte","status":"publish","type":"page","link":"https:\/\/bookgame.me\/blog\/tutorial\/primeros-pasos\/conexion-entre-capitulos-y-finales-de-exito-y-de-muerte\/","title":{"rendered":"Conexi\u00f3n entre cap\u00edtulos, y finales de \u00e9xito y de muerte"},"content":{"rendered":"\n<p>En un librojuego siempre debes existir dos tipos de finales:<\/p>\n\n\n\n<ol><li>Final de \u00e9xito. Es decir, el final positivo del librojuego en s\u00ed. Donde el personaje haya cumplido la misi\u00f3n encomendada.<\/li><li>Final de muerte. Es decir, un final donde el personaje a fracasado.<\/li><\/ol>\n\n\n\n<p>En los diagramas de cada cap\u00edtulo queda muy claro cuando una de las p\u00e1ginas ha sido configurado como p\u00e1gina final de \u00e9xito, o como p\u00e1gina final de muerte. Las p\u00e1ginas finales de \u00e9xito aparecer\u00e1n de color naranja, mientras que las p\u00e1ginas finales de muerte aparecer\u00e1n de color rojo.<\/p>\n\n\n\n<figure class=\"wp-block-image\"><img data-attachment-id=\"781\" data-permalink=\"https:\/\/bookgame.me\/blog\/tutorial\/primeros-pasos\/conexion-entre-capitulos-y-finales-de-exito-y-de-muerte\/captura-12-2\/\" data-orig-file=\"https:\/\/i0.wp.com\/bookgame.me\/blog\/wp-content\/uploads\/2020\/01\/Captura-12.png?fit=813%2C379&amp;ssl=1\" data-orig-size=\"813,379\" data-comments-opened=\"1\" data-image-meta=\"{&quot;aperture&quot;:&quot;0&quot;,&quot;credit&quot;:&quot;&quot;,&quot;camera&quot;:&quot;&quot;,&quot;caption&quot;:&quot;&quot;,&quot;created_timestamp&quot;:&quot;0&quot;,&quot;copyright&quot;:&quot;&quot;,&quot;focal_length&quot;:&quot;0&quot;,&quot;iso&quot;:&quot;0&quot;,&quot;shutter_speed&quot;:&quot;0&quot;,&quot;title&quot;:&quot;&quot;,&quot;orientation&quot;:&quot;0&quot;}\" data-image-title=\"Captura-12\" data-image-description=\"\" data-image-caption=\"\" data-medium-file=\"https:\/\/i0.wp.com\/bookgame.me\/blog\/wp-content\/uploads\/2020\/01\/Captura-12.png?fit=300%2C140&amp;ssl=1\" data-large-file=\"https:\/\/i0.wp.com\/bookgame.me\/blog\/wp-content\/uploads\/2020\/01\/Captura-12.png?fit=813%2C379&amp;ssl=1\" loading=\"lazy\" width=\"813\" height=\"379\" src=\"https:\/\/i0.wp.com\/bookgame.me\/blog\/wp-content\/uploads\/2020\/01\/Captura-12.png?resize=813%2C379&#038;ssl=1\" alt=\"\" class=\"wp-image-781\" srcset=\"https:\/\/i0.wp.com\/bookgame.me\/blog\/wp-content\/uploads\/2020\/01\/Captura-12.png?w=813&amp;ssl=1 813w, https:\/\/i0.wp.com\/bookgame.me\/blog\/wp-content\/uploads\/2020\/01\/Captura-12.png?resize=300%2C140&amp;ssl=1 300w, https:\/\/i0.wp.com\/bookgame.me\/blog\/wp-content\/uploads\/2020\/01\/Captura-12.png?resize=768%2C358&amp;ssl=1 768w\" sizes=\"(max-width: 813px) 100vw, 813px\" data-recalc-dims=\"1\" \/><\/figure>\n\n\n\n<p>Cuando el lector llegue a una p\u00e1gina de muerte, a parte del texto que introduzcas en la p\u00e1gina final, le aparecer\u00e1 un mensaje de que ha fracaso y le invitar\u00e1 a que vuelva a empezar a leer el librojuego para volver a intentarlo. Sin embargo, si el lector llega a una p\u00e1gina de \u00e9xito, podr\u00e1 dejar un comentario del librojuego y su valoraci\u00f3n, indic\u00e1ndole que ha terminado el librojuego y que puede empezar a leer otros.<\/p>\n\n\n\n<p>Las opciones de los finales se pueden configurar dentro de las opciones de las p\u00e1ginas, en la secci\u00f3n llamada <em>Ir al cap\u00edtulo<\/em>. Si puls\u00e1is en el campo seleccionable ver\u00e9is que ten\u00e9is varias opciones:<\/p>\n\n\n\n<ol><li>Lista de cap\u00edtulos que hab\u00e9is creado en vuestro librojuego: si marc\u00e1is esa opci\u00f3n, adem\u00e1s de los enlaces que tenga esta p\u00e1gina hacia otras p\u00e1ginas, aparecer\u00e1 un enlace llamado: <em>Pasar al cap\u00edtulo NOMBREDELCAP\u00cdTULO<\/em>.<\/li><li>Muerte<\/li><li>Final del libro<\/li><\/ol>\n\n\n\n<figure class=\"wp-block-image\"><img data-attachment-id=\"783\" data-permalink=\"https:\/\/bookgame.me\/blog\/tutorial\/primeros-pasos\/conexion-entre-capitulos-y-finales-de-exito-y-de-muerte\/sin-titulo-1\/\" data-orig-file=\"https:\/\/i0.wp.com\/bookgame.me\/blog\/wp-content\/uploads\/2020\/01\/Sin-t\u00edtulo-1.jpg?fit=911%2C322&amp;ssl=1\" data-orig-size=\"911,322\" data-comments-opened=\"1\" data-image-meta=\"{&quot;aperture&quot;:&quot;0&quot;,&quot;credit&quot;:&quot;&quot;,&quot;camera&quot;:&quot;&quot;,&quot;caption&quot;:&quot;&quot;,&quot;created_timestamp&quot;:&quot;0&quot;,&quot;copyright&quot;:&quot;&quot;,&quot;focal_length&quot;:&quot;0&quot;,&quot;iso&quot;:&quot;0&quot;,&quot;shutter_speed&quot;:&quot;0&quot;,&quot;title&quot;:&quot;&quot;,&quot;orientation&quot;:&quot;0&quot;}\" data-image-title=\"Sin-t\u00edtulo-1\" data-image-description=\"\" data-image-caption=\"\" data-medium-file=\"https:\/\/i0.wp.com\/bookgame.me\/blog\/wp-content\/uploads\/2020\/01\/Sin-t\u00edtulo-1.jpg?fit=300%2C106&amp;ssl=1\" data-large-file=\"https:\/\/i0.wp.com\/bookgame.me\/blog\/wp-content\/uploads\/2020\/01\/Sin-t\u00edtulo-1.jpg?fit=911%2C322&amp;ssl=1\" loading=\"lazy\" width=\"911\" height=\"322\" src=\"https:\/\/i0.wp.com\/bookgame.me\/blog\/wp-content\/uploads\/2020\/01\/Sin-t\u00edtulo-1.jpg?resize=911%2C322&#038;ssl=1\" alt=\"\" class=\"wp-image-783\" srcset=\"https:\/\/i0.wp.com\/bookgame.me\/blog\/wp-content\/uploads\/2020\/01\/Sin-t\u00edtulo-1.jpg?w=911&amp;ssl=1 911w, https:\/\/i0.wp.com\/bookgame.me\/blog\/wp-content\/uploads\/2020\/01\/Sin-t\u00edtulo-1.jpg?resize=300%2C106&amp;ssl=1 300w, https:\/\/i0.wp.com\/bookgame.me\/blog\/wp-content\/uploads\/2020\/01\/Sin-t\u00edtulo-1.jpg?resize=768%2C271&amp;ssl=1 768w\" sizes=\"(max-width: 911px) 100vw, 911px\" data-recalc-dims=\"1\" \/><\/figure>\n\n\n\n<p>La conexi\u00f3n entre cap\u00edtulos es muy importante de cara a poder subdividir vuestro librojuego en diferentes partes.<\/p>\n","protected":false},"excerpt":{"rendered":"<p>En un librojuego siempre debes existir dos tipos de finales: Final de \u00e9xito. Es decir, el final positivo del librojuego en s\u00ed. Donde el personaje haya cumplido la misi\u00f3n encomendada. Final de muerte. Es decir, un final donde el personaje a fracasado. En los diagramas de cada cap\u00edtulo queda muy claro cuando una de las [&hellip;]<\/p>\n","protected":false},"author":1,"featured_media":0,"parent":736,"menu_order":0,"comment_status":"closed","ping_status":"closed","template":"template-tutorial.php","meta":{"spay_email":""},"jetpack_sharing_enabled":true,"jetpack_shortlink":"https:\/\/wp.me\/P9L3hO-cA","jetpack-related-posts":[{"id":756,"url":"https:\/\/bookgame.me\/blog\/tutorial\/primeros-pasos\/diagrama-de-escritura\/","url_meta":{"origin":780,"position":0},"title":"Diagrama de escritura","date":"30 enero, 2020","format":false,"excerpt":"El diagrama de escritura es el lo que te encuentras al empezar a escribir un cap\u00edtulo. Tiene este aspecto: Diagrama de escritura de un cap\u00edtulo Como pod\u00e9is ver, no es un lienzo blanco estilo Word donde empiezas a escribir. Es un diagrama. \u00bfPor qu\u00e9? Porque en la literatura interactiva el\u2026","rel":"","context":"Entrada similar","img":{"alt_text":"","src":"https:\/\/i0.wp.com\/bookgame.me\/blog\/wp-content\/uploads\/2020\/01\/Captura-6.png?resize=350%2C200&ssl=1","width":350,"height":200},"classes":[]},{"id":692,"url":"https:\/\/bookgame.me\/blog\/tutorial\/introduccion\/","url_meta":{"origin":780,"position":1},"title":"Introducci\u00f3n","date":"28 enero, 2020","format":false,"excerpt":"\u00bfQu\u00e9 es bookgame? Bookgame es una aplicaci\u00f3n web que te permite crear librojuegos interactivos de rol. Vamos a analizar cada una de las palabras. Librojuego: un librojuego es un libro y un juego a la vez. Libro porque sobre todo se lee, y juego ya que se pone en juego\u2026","rel":"","context":"Entrada similar","img":{"alt_text":"","src":"","width":0,"height":0},"classes":[]},{"id":708,"url":"https:\/\/bookgame.me\/blog\/tutorial\/primeros-pasos\/crear-un-librojuego\/","url_meta":{"origin":780,"position":2},"title":"Crear un librojuego","date":"29 enero, 2020","format":false,"excerpt":"Para crear un nuevo librojuego hay que entrar en el panel principal de tu cuenta de usuario y pulsar en Nuevo librojuego. Llegar\u00e1s al formulario de creaci\u00f3n del librojuego donde se te piden los siguientes datos: T\u00edtulo: el t\u00edtulo de tu librojuego.Resumen del librojuego: el resumen del librojuego.Idioma: debes seleccionar\u2026","rel":"","context":"Entrada similar","img":{"alt_text":"","src":"https:\/\/i0.wp.com\/bookgame.me\/blog\/wp-content\/uploads\/2020\/01\/Captura-3.png?resize=350%2C200&ssl=1","width":350,"height":200},"classes":[]},{"id":699,"url":"https:\/\/bookgame.me\/blog\/tutorial\/primeros-pasos\/registro\/","url_meta":{"origin":780,"position":3},"title":"Registro","date":"28 enero, 2020","format":false,"excerpt":"Para poder empezar a crear un librojuego lo primero de todo que debes hacer es registrarte en bookgame.me. Para ello debes ir a la p\u00e1gina de registro: Formulario de registro Ver\u00e1s que se te piden s\u00f3lo unos datos b\u00e1sicos: Nombre: No tiene por qu\u00e9 ser tu nombre real. Puede ser\u2026","rel":"","context":"Entrada similar","img":{"alt_text":"","src":"https:\/\/i0.wp.com\/bookgame.me\/blog\/wp-content\/uploads\/2020\/01\/Captura.png?resize=350%2C200&ssl=1","width":350,"height":200},"classes":[]},{"id":716,"url":"https:\/\/bookgame.me\/blog\/tutorial\/primeros-pasos\/crear-un-capitulo\/","url_meta":{"origin":780,"position":4},"title":"Crear un cap\u00edtulo","date":"29 enero, 2020","format":false,"excerpt":"Una vez hab\u00e9is creado un librojuego, podr\u00e9is pulsar en el bot\u00f3n Escribir y acceder a la secci\u00f3n de la lista de cap\u00edtulos. Como todav\u00eda no hab\u00e9is creado ninguno, en la lista no aparecer\u00e1 ninguno. Lista de cap\u00edtulos vac\u00eda Ver\u00e9is que aparece un bot\u00f3n llamado Nuevo cap\u00edtulo. Si lo puls\u00e1is, os\u2026","rel":"","context":"Entrada similar","img":{"alt_text":"","src":"https:\/\/i0.wp.com\/bookgame.me\/blog\/wp-content\/uploads\/2020\/01\/Captura-4.png?resize=350%2C200&ssl=1","width":350,"height":200},"classes":[]},{"id":832,"url":"https:\/\/bookgame.me\/blog\/contenidos-en-bookgame-me\/","url_meta":{"origin":780,"position":5},"title":"Contenidos en bookgame.me","date":"21 abril, 2020","format":false,"excerpt":"En bookgame est\u00e1 prohibido contenido que resulte hiriente, intimidatorio, pornogr\u00e1fico, que incite a la violencia o que contenga desnudos o violencia gr\u00e1fica o injustificada. Tampoco contenidos que fomenten el odio o discriminaci\u00f3n por raza, etnia, nacionalidad, religi\u00f3n, orientaci\u00f3n sexual, discapacidad o enfermedad grave. A nivel general, queremos que bookgame.me sea\u2026","rel":"","context":"Entrada similar","img":{"alt_text":"","src":"https:\/\/i0.wp.com\/bookgame.me\/blog\/wp-content\/uploads\/2020\/04\/Captura-6.png?resize=350%2C200&ssl=1","width":350,"height":200},"classes":[]}],"jetpack_likes_enabled":false,"_links":{"self":[{"href":"https:\/\/bookgame.me\/blog\/wp-json\/wp\/v2\/pages\/780"}],"collection":[{"href":"https:\/\/bookgame.me\/blog\/wp-json\/wp\/v2\/pages"}],"about":[{"href":"https:\/\/bookgame.me\/blog\/wp-json\/wp\/v2\/types\/page"}],"author":[{"embeddable":true,"href":"https:\/\/bookgame.me\/blog\/wp-json\/wp\/v2\/users\/1"}],"replies":[{"embeddable":true,"href":"https:\/\/bookgame.me\/blog\/wp-json\/wp\/v2\/comments?post=780"}],"version-history":[{"count":1,"href":"https:\/\/bookgame.me\/blog\/wp-json\/wp\/v2\/pages\/780\/revisions"}],"predecessor-version":[{"id":785,"href":"https:\/\/bookgame.me\/blog\/wp-json\/wp\/v2\/pages\/780\/revisions\/785"}],"up":[{"embeddable":true,"href":"https:\/\/bookgame.me\/blog\/wp-json\/wp\/v2\/pages\/736"}],"wp:attachment":[{"href":"https:\/\/bookgame.me\/blog\/wp-json\/wp\/v2\/media?parent=780"}],"curies":[{"name":"wp","href":"https:\/\/api.w.org\/{rel}","templated":true}]}}