{"id":832,"date":"2020-04-21T09:40:56","date_gmt":"2020-04-21T09:40:56","guid":{"rendered":"https:\/\/bookgame.me\/blog\/?page_id=832"},"modified":"2020-04-21T09:40:57","modified_gmt":"2020-04-21T09:40:57","slug":"contenidos-en-bookgame-me","status":"publish","type":"page","link":"https:\/\/bookgame.me\/blog\/contenidos-en-bookgame-me\/","title":{"rendered":"Contenidos en bookgame.me"},"content":{"rendered":"\n<p>En bookgame est\u00e1 prohibido contenido que resulte hiriente, intimidatorio, pornogr\u00e1fico, que incite a la violencia o que contenga desnudos o violencia gr\u00e1fica o injustificada. Tampoco contenidos que fomenten el odio o discriminaci\u00f3n por raza, etnia, nacionalidad, religi\u00f3n, orientaci\u00f3n sexual, discapacidad o enfermedad grave. <\/p>\n\n\n\n<blockquote class=\"wp-block-quote\"><p>A nivel general, queremos que bookgame.me sea un sitio seguro para lectores juveniles. <\/p><\/blockquote>\n\n\n\n<p>Algunos me hab\u00e9is pedido que d\u00e9 alg\u00fan criterio m\u00e1s claro en cuanto a la clasificaci\u00f3n del contenido. <\/p>\n\n\n\n<p>Voy a dar m\u00e1s detalles de la clasificaci\u00f3n bas\u00e1ndome en la clasificaci\u00f3n que se ha dado a la app Android de la Biblioteca de bookgame. La clasificaci\u00f3n del contenido de la app es la que pod\u00e9is ver a continuaci\u00f3n:<\/p>\n\n\n\n<figure class=\"wp-block-image\"><img data-attachment-id=\"833\" data-permalink=\"https:\/\/bookgame.me\/blog\/contenidos-en-bookgame-me\/captura-6-3\/\" data-orig-file=\"https:\/\/i0.wp.com\/bookgame.me\/blog\/wp-content\/uploads\/2020\/04\/Captura-6.png?fit=865%2C782&amp;ssl=1\" data-orig-size=\"865,782\" data-comments-opened=\"1\" data-image-meta=\"{&quot;aperture&quot;:&quot;0&quot;,&quot;credit&quot;:&quot;&quot;,&quot;camera&quot;:&quot;&quot;,&quot;caption&quot;:&quot;&quot;,&quot;created_timestamp&quot;:&quot;0&quot;,&quot;copyright&quot;:&quot;&quot;,&quot;focal_length&quot;:&quot;0&quot;,&quot;iso&quot;:&quot;0&quot;,&quot;shutter_speed&quot;:&quot;0&quot;,&quot;title&quot;:&quot;&quot;,&quot;orientation&quot;:&quot;0&quot;}\" data-image-title=\"Captura-6\" data-image-description=\"\" data-image-caption=\"\" data-medium-file=\"https:\/\/i0.wp.com\/bookgame.me\/blog\/wp-content\/uploads\/2020\/04\/Captura-6.png?fit=300%2C271&amp;ssl=1\" data-large-file=\"https:\/\/i0.wp.com\/bookgame.me\/blog\/wp-content\/uploads\/2020\/04\/Captura-6.png?fit=865%2C782&amp;ssl=1\" loading=\"lazy\" width=\"865\" height=\"782\" src=\"https:\/\/i0.wp.com\/bookgame.me\/blog\/wp-content\/uploads\/2020\/04\/Captura-6.png?resize=865%2C782&#038;ssl=1\" alt=\"\" class=\"wp-image-833\" srcset=\"https:\/\/i0.wp.com\/bookgame.me\/blog\/wp-content\/uploads\/2020\/04\/Captura-6.png?w=865&amp;ssl=1 865w, https:\/\/i0.wp.com\/bookgame.me\/blog\/wp-content\/uploads\/2020\/04\/Captura-6.png?resize=300%2C271&amp;ssl=1 300w, https:\/\/i0.wp.com\/bookgame.me\/blog\/wp-content\/uploads\/2020\/04\/Captura-6.png?resize=768%2C694&amp;ssl=1 768w\" sizes=\"(max-width: 865px) 100vw, 865px\" data-recalc-dims=\"1\" \/><\/figure>\n\n\n\n<p>He resumido los criterios de contenidos que puede tener la aplicaci\u00f3n en los siguientes puntos que pod\u00e9is ver a continuaci\u00f3n:<\/p>\n\n\n\n<h4>Violencia<\/h4>\n\n\n\n<p>Los librojuegos pueden contener violencia contra seres humanos. Esa violencia no debe ser el objetivo principal del personaje del librojuego. En este sentido, el personaje principal no puede ser un psic\u00f3pata cuyo objetivo principal es ejercer la violencia contra las personas (o animales). La violencia contra seres humanos deber\u00e1 en un contexto fant\u00e1stico\/ficci\u00f3n sin recrearse en esa violencia. En este sentido, no se podr\u00e1n introducir im\u00e1genes violentas, como por ejemplo cuerpos descuartizados.<\/p>\n\n\n\n<h4>Miedo<\/h4>\n\n\n\n<p>El juego puede contener im\u00e1genes o sonidos que pueden asustar o causar terror.<\/p>\n\n\n\n<h4>Sexualidad<\/h4>\n\n\n\n<p> Los librojuegos no pueden contener referencias o representaciones relativas  a la sexualidad, violencia sexual, o desnudez.<\/p>\n\n\n\n<h4>Lenguaje <\/h4>\n\n\n\n<p>Los librojuegos pueden no contener lenguaje potencialmente ofensivo. Si que puede contener palabras malsonantes. <\/p>\n\n\n\n<p>No puede contener lenguaje discriminatorio en cuanto a raza, religi\u00f3n y orientaci\u00f3n sexual. <\/p>\n\n\n\n<p>No puede contener palabras malsonantes de naturaleza sexual.<\/p>\n\n\n\n<h4>Drogas<\/h4>\n\n\n\n<p>Los librojuegos no pueden contener referencias expl\u00edcitas al consumo de drogas.<\/p>\n\n\n\n<h3>Resumen<\/h3>\n\n\n\n<p>Los criterios resumidos anteriormente son los que me han parecido m\u00e1s relevantes en cuanto a la clasificaci\u00f3n de contenido. Ahora bien, tambi\u00e9n ser\u00e1n aplicables los siguientes criterios, sacados directamente del resumen de clasificaci\u00f3n de contenidos de Google Play:<\/p>\n\n\n\n<p>\nViolencia contra seres humanos<\/p>\n\n\n\n<ul><li>El juego incluye violencia contra seres humanos<\/li><li>Este contenido aparece en un contexto fant\u00e1stico<\/li><li>Estas im\u00e1genes de violencia se representan de forma poco realista<\/li><li>Se hace referencia a la violencia<\/li><li>La violencia es impl\u00edcita<\/li><li>La violencia casi nunca se representa desde la distancia<\/li><li>Sangre y violencia sangrienta moderadas o limitadas<\/li><li>Motivaci\u00f3n positiva para la violencia<\/li><li>Ambientaci\u00f3n b\u00e9lica hist\u00f3rica o realista<\/li><li>Sonidos violentos o alusiones oscuras<\/li><\/ul>\n\n\n\n<p>Violencia contra seres no humanos<\/p>\n\n\n\n<ul><li>El juego incluye violencia contra criaturas que no son seres humanos<\/li><li>Este contenido aparece en un contexto fant\u00e1stico<\/li><li>Estas im\u00e1genes de violencia se representan de forma poco realista<\/li><li>Se hace referencia a la violencia<\/li><li>La violencia es impl\u00edcita<\/li><li>Sangre y violencia sangrienta moderadas o limitadas<\/li><li>Motivaci\u00f3n positiva para la violencia<\/li><li>Sonidos violentos o alusiones oscuras<\/li><\/ul>\n\n\n\n<p>Miedo<\/p>\n\n\n\n<ul><li>Im\u00e1genes o sonidos que pueden ser escalofriantes (casi nunca)<\/li><li>Im\u00e1genes o sonidos que pueden ser espeluznantes (casi nunca)<\/li><\/ul>\n\n\n\n<p>Lenguaje<\/p>\n\n\n\n<ul><li>Peque\u00f1as obscenidades (casi nunca)<\/li><li>Palabrotas moderadas (casi nunca)<\/li><\/ul>\n\n\n\n<p>Varios<\/p>\n\n\n\n<ul><li>Interacci\u00f3n online o contenido compartido con otros<\/li><li>Se puede comprar contenido digital<\/li><\/ul>\n\n\n\n<p><\/p>\n","protected":false},"excerpt":{"rendered":"<p>En bookgame est\u00e1 prohibido contenido que resulte hiriente, intimidatorio, pornogr\u00e1fico, que incite a la violencia o que contenga desnudos o violencia gr\u00e1fica o injustificada. Tampoco contenidos que fomenten el odio o discriminaci\u00f3n por raza, etnia, nacionalidad, religi\u00f3n, orientaci\u00f3n sexual, discapacidad o enfermedad grave. A nivel general, queremos que bookgame.me sea un sitio seguro para lectores [&hellip;]<\/p>\n","protected":false},"author":1,"featured_media":0,"parent":0,"menu_order":0,"comment_status":"closed","ping_status":"closed","template":"","meta":{"spay_email":""},"jetpack_sharing_enabled":true,"jetpack_shortlink":"https:\/\/wp.me\/P9L3hO-dq","jetpack-related-posts":[{"id":708,"url":"https:\/\/bookgame.me\/blog\/tutorial\/primeros-pasos\/crear-un-librojuego\/","url_meta":{"origin":832,"position":0},"title":"Crear un librojuego","date":"29 enero, 2020","format":false,"excerpt":"Para crear un nuevo librojuego hay que entrar en el panel principal de tu cuenta de usuario y pulsar en Nuevo librojuego. Llegar\u00e1s al formulario de creaci\u00f3n del librojuego donde se te piden los siguientes datos: T\u00edtulo: el t\u00edtulo de tu librojuego.Resumen del librojuego: el resumen del librojuego.Idioma: debes seleccionar\u2026","rel":"","context":"Entrada similar","img":{"alt_text":"","src":"https:\/\/i0.wp.com\/bookgame.me\/blog\/wp-content\/uploads\/2020\/01\/Captura-3.png?resize=350%2C200&ssl=1","width":350,"height":200},"classes":[]},{"id":692,"url":"https:\/\/bookgame.me\/blog\/tutorial\/introduccion\/","url_meta":{"origin":832,"position":1},"title":"Introducci\u00f3n","date":"28 enero, 2020","format":false,"excerpt":"\u00bfQu\u00e9 es bookgame? Bookgame es una aplicaci\u00f3n web que te permite crear librojuegos interactivos de rol. Vamos a analizar cada una de las palabras. Librojuego: un librojuego es un libro y un juego a la vez. Libro porque sobre todo se lee, y juego ya que se pone en juego\u2026","rel":"","context":"Entrada similar","img":{"alt_text":"","src":"","width":0,"height":0},"classes":[]},{"id":2,"url":"https:\/\/bookgame.me\/blog\/pagina-ejemplo\/","url_meta":{"origin":832,"position":2},"title":"P\u00e1gina de ejemplo","date":"17 marzo, 2018","format":false,"excerpt":"Esta es una p\u00e1gina de ejemplo, Es diferente a una entrada de un blog porque se mantiene est\u00e1tica y se mostrar\u00e1 en la barra de navegaci\u00f3n (en la mayor\u00eda de temas). Casi todo el mundo comienza con una p\u00e1gina Sobre m\u00ed para presentarse a los potenciales visitantes. Podr\u00eda ser algo\u2026","rel":"","context":"Entrada similar","img":{"alt_text":"","src":"","width":0,"height":0},"classes":[]},{"id":716,"url":"https:\/\/bookgame.me\/blog\/tutorial\/primeros-pasos\/crear-un-capitulo\/","url_meta":{"origin":832,"position":3},"title":"Crear un cap\u00edtulo","date":"29 enero, 2020","format":false,"excerpt":"Una vez hab\u00e9is creado un librojuego, podr\u00e9is pulsar en el bot\u00f3n Escribir y acceder a la secci\u00f3n de la lista de cap\u00edtulos. Como todav\u00eda no hab\u00e9is creado ninguno, en la lista no aparecer\u00e1 ninguno. Lista de cap\u00edtulos vac\u00eda Ver\u00e9is que aparece un bot\u00f3n llamado Nuevo cap\u00edtulo. Si lo puls\u00e1is, os\u2026","rel":"","context":"Entrada similar","img":{"alt_text":"","src":"https:\/\/i0.wp.com\/bookgame.me\/blog\/wp-content\/uploads\/2020\/01\/Captura-4.png?resize=350%2C200&ssl=1","width":350,"height":200},"classes":[]},{"id":732,"url":"https:\/\/bookgame.me\/blog\/tutorial\/seccion-de-mensajes-de-bookgame\/","url_meta":{"origin":832,"position":4},"title":"Secci\u00f3n de mensajes de bookgame","date":"29 enero, 2020","format":false,"excerpt":"Esta p\u00e1gina est\u00e1 en proceso de creaci\u00f3n.","rel":"","context":"Entrada similar","img":{"alt_text":"","src":"","width":0,"height":0},"classes":[]},{"id":690,"url":"https:\/\/bookgame.me\/blog\/tutorial\/","url_meta":{"origin":832,"position":5},"title":"Tutorial","date":"28 enero, 2020","format":false,"excerpt":"","rel":"","context":"Entrada similar","img":{"alt_text":"","src":"","width":0,"height":0},"classes":[]}],"jetpack_likes_enabled":false,"_links":{"self":[{"href":"https:\/\/bookgame.me\/blog\/wp-json\/wp\/v2\/pages\/832"}],"collection":[{"href":"https:\/\/bookgame.me\/blog\/wp-json\/wp\/v2\/pages"}],"about":[{"href":"https:\/\/bookgame.me\/blog\/wp-json\/wp\/v2\/types\/page"}],"author":[{"embeddable":true,"href":"https:\/\/bookgame.me\/blog\/wp-json\/wp\/v2\/users\/1"}],"replies":[{"embeddable":true,"href":"https:\/\/bookgame.me\/blog\/wp-json\/wp\/v2\/comments?post=832"}],"version-history":[{"count":1,"href":"https:\/\/bookgame.me\/blog\/wp-json\/wp\/v2\/pages\/832\/revisions"}],"predecessor-version":[{"id":835,"href":"https:\/\/bookgame.me\/blog\/wp-json\/wp\/v2\/pages\/832\/revisions\/835"}],"wp:attachment":[{"href":"https:\/\/bookgame.me\/blog\/wp-json\/wp\/v2\/media?parent=832"}],"curies":[{"name":"wp","href":"https:\/\/api.w.org\/{rel}","templated":true}]}}